{"id":8166,"date":"2021-07-15T14:00:17","date_gmt":"2021-07-15T12:00:17","guid":{"rendered":"http:\/\/videoculture.cz\/?page_id=8166"},"modified":"2022-08-02T21:24:08","modified_gmt":"2022-08-02T19:24:08","slug":"animatej","status":"publish","type":"page","link":"https:\/\/videoculture.cz\/en\/acv\/animatej\/","title":{"rendered":"(\u010ce\u0161tina) Animat\u011bj"},"content":{"rendered":"<p class=\"qtranxs-available-languages-message qtranxs-available-languages-message-en\">Sorry, this entry is only available in <a href=\"https:\/\/videoculture.cz\/cs\/wp-json\/wp\/v2\/pages\/8166\" class=\"qtranxs-available-language-link qtranxs-available-language-link-cs\" title=\"\u010ce\u0161tina\">Czech<\/a>.<\/p>","protected":false},"excerpt":{"rendered":"<p>Sorry, this entry is only available in Czech.<\/p>\n","protected":false},"author":1,"featured_media":0,"parent":37,"menu_order":10,"comment_status":"closed","ping_status":"closed","template":"","meta":{"ngg_post_thumbnail":0,"footnotes":""},"_links":{"self":[{"href":"https:\/\/videoculture.cz\/en\/wp-json\/wp\/v2\/pages\/8166"}],"collection":[{"href":"https:\/\/videoculture.cz\/en\/wp-json\/wp\/v2\/pages"}],"about":[{"href":"https:\/\/videoculture.cz\/en\/wp-json\/wp\/v2\/types\/page"}],"author":[{"embeddable":true,"href":"https:\/\/videoculture.cz\/en\/wp-json\/wp\/v2\/users\/1"}],"replies":[{"embeddable":true,"href":"https:\/\/videoculture.cz\/en\/wp-json\/wp\/v2\/comments?post=8166"}],"version-history":[{"count":0,"href":"https:\/\/videoculture.cz\/en\/wp-json\/wp\/v2\/pages\/8166\/revisions"}],"up":[{"embeddable":true,"href":"https:\/\/videoculture.cz\/en\/wp-json\/wp\/v2\/pages\/37"}],"wp:attachment":[{"href":"https:\/\/videoculture.cz\/en\/wp-json\/wp\/v2\/media?parent=8166"}],"curies":[{"name":"wp","href":"https:\/\/api.w.org\/{rel}","templated":true}]}}