{"id":8021,"date":"2020-11-18T20:41:12","date_gmt":"2020-11-18T19:41:12","guid":{"rendered":"http:\/\/videoculture.cz\/?page_id=8021"},"modified":"2021-03-30T10:36:51","modified_gmt":"2021-03-30T08:36:51","slug":"soutezni-filmy-2020","status":"publish","type":"page","link":"https:\/\/videoculture.cz\/en\/fest\/soutezni-filmy-2020\/","title":{"rendered":"(\u010ce\u0161tina) Sout\u011b\u017en\u00ed filmy 2020"},"content":{"rendered":"<p class=\"qtranxs-available-languages-message qtranxs-available-languages-message-en\">Sorry, this entry is only available in <a href=\"https:\/\/videoculture.cz\/cs\/wp-json\/wp\/v2\/pages\/8021\" class=\"qtranxs-available-language-link qtranxs-available-language-link-cs\" title=\"\u010ce\u0161tina\">Czech<\/a>.<\/p>","protected":false},"excerpt":{"rendered":"<p>Sorry, this entry is only available in Czech.<\/p>\n","protected":false},"author":1,"featured_media":0,"parent":3641,"menu_order":0,"comment_status":"closed","ping_status":"closed","template":"","meta":{"ngg_post_thumbnail":0,"footnotes":""},"_links":{"self":[{"href":"https:\/\/videoculture.cz\/en\/wp-json\/wp\/v2\/pages\/8021"}],"collection":[{"href":"https:\/\/videoculture.cz\/en\/wp-json\/wp\/v2\/pages"}],"about":[{"href":"https:\/\/videoculture.cz\/en\/wp-json\/wp\/v2\/types\/page"}],"author":[{"embeddable":true,"href":"https:\/\/videoculture.cz\/en\/wp-json\/wp\/v2\/users\/1"}],"replies":[{"embeddable":true,"href":"https:\/\/videoculture.cz\/en\/wp-json\/wp\/v2\/comments?post=8021"}],"version-history":[{"count":0,"href":"https:\/\/videoculture.cz\/en\/wp-json\/wp\/v2\/pages\/8021\/revisions"}],"up":[{"embeddable":true,"href":"https:\/\/videoculture.cz\/en\/wp-json\/wp\/v2\/pages\/3641"}],"wp:attachment":[{"href":"https:\/\/videoculture.cz\/en\/wp-json\/wp\/v2\/media?parent=8021"}],"curies":[{"name":"wp","href":"https:\/\/api.w.org\/{rel}","templated":true}]}}