{"id":6993,"date":"2017-11-20T16:56:05","date_gmt":"2017-11-20T15:56:05","guid":{"rendered":"http:\/\/videoculture.cz\/?page_id=6993"},"modified":"2020-10-28T10:12:05","modified_gmt":"2020-10-28T09:12:05","slug":"fest-19-prihlaska","status":"publish","type":"page","link":"https:\/\/videoculture.cz\/en\/fest-19-prihlaska\/","title":{"rendered":"(\u010ce\u0161tina) Fest 2019 &#8211; p\u0159ihl\u00e1\u0161ka"},"content":{"rendered":"<p class=\"qtranxs-available-languages-message qtranxs-available-languages-message-en\">Sorry, this entry is only available in <a href=\"https:\/\/videoculture.cz\/cs\/wp-json\/wp\/v2\/pages\/6993\" class=\"qtranxs-available-language-link qtranxs-available-language-link-cs\" title=\"\u010ce\u0161tina\">Czech<\/a>.<\/p>","protected":false},"excerpt":{"rendered":"<p>Sorry, this entry is only available in Czech.<\/p>\n","protected":false},"author":1,"featured_media":0,"parent":0,"menu_order":0,"comment_status":"closed","ping_status":"closed","template":"","meta":{"ngg_post_thumbnail":0,"footnotes":""},"_links":{"self":[{"href":"https:\/\/videoculture.cz\/en\/wp-json\/wp\/v2\/pages\/6993"}],"collection":[{"href":"https:\/\/videoculture.cz\/en\/wp-json\/wp\/v2\/pages"}],"about":[{"href":"https:\/\/videoculture.cz\/en\/wp-json\/wp\/v2\/types\/page"}],"author":[{"embeddable":true,"href":"https:\/\/videoculture.cz\/en\/wp-json\/wp\/v2\/users\/1"}],"replies":[{"embeddable":true,"href":"https:\/\/videoculture.cz\/en\/wp-json\/wp\/v2\/comments?post=6993"}],"version-history":[{"count":0,"href":"https:\/\/videoculture.cz\/en\/wp-json\/wp\/v2\/pages\/6993\/revisions"}],"wp:attachment":[{"href":"https:\/\/videoculture.cz\/en\/wp-json\/wp\/v2\/media?parent=6993"}],"curies":[{"name":"wp","href":"https:\/\/api.w.org\/{rel}","templated":true}]}}