{"id":4949,"date":"2014-10-07T14:08:30","date_gmt":"2014-10-07T12:08:30","guid":{"rendered":"http:\/\/videoculture.cz\/?page_id=4949"},"modified":"2015-11-22T13:44:43","modified_gmt":"2015-11-22T12:44:43","slug":"festival2014-filmy","status":"publish","type":"page","link":"https:\/\/videoculture.cz\/en\/fest\/festival2014-filmy\/","title":{"rendered":"Competition movies, 2014"},"content":{"rendered":"<p><\/p>\n<p>[ssba]\n<div class=\"utv-container utv-invis utv-videos utv-icon-red\"><div class=\"utv-outer-wrapper\"><div class=\"utv-inner-wrapper\"><div class=\"utv-thumb utv-youtube-rt\">\r\n\t\t\t\t<a href=\"https:\/\/www.youtube.com\/embed\/UeTrjkK6f4o?modestbranding=1&rel=0&showinfo=0&autohide=1&autoplay=1&iv_load_policy=3&color=red&vq=hd720&theme=dark&controls=1&start=&end=\" title=\"Driving School \u2022 Aquarius Pictures\" class=\"utv-popup\">\r\n\t\t\t\t\t<span class=\"utv-play-btn\"><\/span>\r\n\t\t\t\t\t<img decoding=\"async\" src=\"http:\/\/videoculture.cz\/wp-content\/uploads\/utubevideo-cache\/UeTrjkK6f4o60.jpg\" data-rjs=\"2\">\r\n\t\t\t\t<\/a>\r\n\t\t\t\t<span>Driving School \u2022 Aquarius Pictures<\/span>\r\n\t\t\t<\/div><div class=\"utv-thumb utv-vimeo-rt\">\r\n\t\t\t\t<a href=\"https:\/\/player.vimeo.com\/video\/87582567?autoplay=1&autopause=0&title=0&portrait=0&byline=0&badge=0#t=\" title=\"LOVE SONG \u2022 Ian Woodward\" class=\"utv-popup\">\r\n\t\t\t\t\t<span class=\"utv-play-btn\"><\/span>\r\n\t\t\t\t\t<img decoding=\"async\" src=\"http:\/\/videoculture.cz\/wp-content\/uploads\/utubevideo-cache\/8758256761.jpg\" data-rjs=\"2\">\r\n\t\t\t\t<\/a>\r\n\t\t\t\t<span>LOVE SONG \u2022 Ian Woodward<\/span>\r\n\t\t\t<\/div><div class=\"utv-thumb utv-youtube-rt\">\r\n\t\t\t\t<a href=\"https:\/\/www.youtube.com\/embed\/_YyJ_N4dTqA?modestbranding=1&rel=0&showinfo=0&autohide=1&autoplay=1&iv_load_policy=3&color=red&vq=hd720&theme=dark&controls=1&start=&end=\" title=\"Fotograf T. \u2022 Vojt\u011bch Novotn\u00fd\" class=\"utv-popup\">\r\n\t\t\t\t\t<span class=\"utv-play-btn\"><\/span>\r\n\t\t\t\t\t<img decoding=\"async\" src=\"http:\/\/videoculture.cz\/wp-content\/uploads\/utubevideo-cache\/_YyJ_N4dTqA62.jpg\" data-rjs=\"2\">\r\n\t\t\t\t<\/a>\r\n\t\t\t\t<span>Fotograf T. \u2022 Vojt\u011bch Novotn\u00fd<\/span>\r\n\t\t\t<\/div><div class=\"utv-thumb utv-youtube-rt\">\r\n\t\t\t\t<a href=\"https:\/\/www.youtube.com\/embed\/iH0oc8NMQOo?modestbranding=1&rel=0&showinfo=0&autohide=1&autoplay=1&iv_load_policy=3&color=red&vq=hd720&theme=dark&controls=1&start=&end=\" title=\"N\u00e1lez \u2022 Danu\u0161e Kub\u00e1tov\u00e1\" class=\"utv-popup\">\r\n\t\t\t\t\t<span class=\"utv-play-btn\"><\/span>\r\n\t\t\t\t\t<img decoding=\"async\" src=\"http:\/\/videoculture.cz\/wp-content\/uploads\/utubevideo-cache\/iH0oc8NMQOo63.jpg\" data-rjs=\"2\">\r\n\t\t\t\t<\/a>\r\n\t\t\t\t<span>N\u00e1lez \u2022 Danu\u0161e Kub\u00e1tov\u00e1<\/span>\r\n\t\t\t<\/div><div class=\"utv-thumb utv-youtube-rt\">\r\n\t\t\t\t<a href=\"https:\/\/www.youtube.com\/embed\/KvMuc1VEVs0?modestbranding=1&rel=0&showinfo=0&autohide=1&autoplay=1&iv_load_policy=3&color=red&vq=hd720&theme=dark&controls=1&start=&end=\" title=\"Mazl\u00ed\u010dek \u2022 Kufr\" class=\"utv-popup\">\r\n\t\t\t\t\t<span class=\"utv-play-btn\"><\/span>\r\n\t\t\t\t\t<img decoding=\"async\" src=\"http:\/\/videoculture.cz\/wp-content\/uploads\/utubevideo-cache\/KvMuc1VEVs064.jpg\" data-rjs=\"2\">\r\n\t\t\t\t<\/a>\r\n\t\t\t\t<span>Mazl\u00ed\u010dek \u2022 Kufr<\/span>\r\n\t\t\t<\/div><div class=\"utv-thumb utv-youtube-rt\">\r\n\t\t\t\t<a href=\"https:\/\/www.youtube.com\/embed\/58sM1OKPX84?modestbranding=1&rel=0&showinfo=0&autohide=1&autoplay=1&iv_load_policy=3&color=red&vq=hd720&theme=dark&controls=1&start=&end=\" title=\"Je je\u0161t\u011b \u010das\u2026? \u2022 Luk\u00e1\u0161 Han\u00e1k\" class=\"utv-popup\">\r\n\t\t\t\t\t<span class=\"utv-play-btn\"><\/span>\r\n\t\t\t\t\t<img decoding=\"async\" src=\"http:\/\/videoculture.cz\/wp-content\/uploads\/utubevideo-cache\/58sM1OKPX8465.jpg\" data-rjs=\"2\">\r\n\t\t\t\t<\/a>\r\n\t\t\t\t<span>Je je\u0161t\u011b \u010das\u2026? \u2022 Luk\u00e1\u0161 Han\u00e1k<\/span>\r\n\t\t\t<\/div><div class=\"utv-thumb utv-youtube-rt\">\r\n\t\t\t\t<a href=\"https:\/\/www.youtube.com\/embed\/djomfd0nHbQ?modestbranding=1&rel=0&showinfo=0&autohide=1&autoplay=1&iv_load_policy=3&color=red&vq=hd720&theme=dark&controls=1&start=&end=\" title=\"Torment \u2022 Onkubator (Jakub Sl\u00e1dek)\" class=\"utv-popup\">\r\n\t\t\t\t\t<span class=\"utv-play-btn\"><\/span>\r\n\t\t\t\t\t<img decoding=\"async\" src=\"http:\/\/videoculture.cz\/wp-content\/uploads\/utubevideo-cache\/djomfd0nHbQ66.jpg\" data-rjs=\"2\">\r\n\t\t\t\t<\/a>\r\n\t\t\t\t<span>Torment \u2022 Onkubator (Jakub Sl\u00e1dek)<\/span>\r\n\t\t\t<\/div><div class=\"utv-thumb utv-youtube-rt\">\r\n\t\t\t\t<a href=\"https:\/\/www.youtube.com\/embed\/uZQhWT1tLSk?modestbranding=1&rel=0&showinfo=0&autohide=1&autoplay=1&iv_load_policy=3&color=red&vq=hd720&theme=dark&controls=1&start=&end=\" title=\"Akv\u00e1rium \u2022 GAWAfilm\" class=\"utv-popup\">\r\n\t\t\t\t\t<span class=\"utv-play-btn\"><\/span>\r\n\t\t\t\t\t<img decoding=\"async\" src=\"http:\/\/videoculture.cz\/wp-content\/uploads\/utubevideo-cache\/uZQhWT1tLSk67.jpg\" data-rjs=\"2\">\r\n\t\t\t\t<\/a>\r\n\t\t\t\t<span>Akv\u00e1rium \u2022 GAWAfilm<\/span>\r\n\t\t\t<\/div><div class=\"utv-thumb utv-youtube-rt\">\r\n\t\t\t\t<a href=\"https:\/\/www.youtube.com\/embed\/kPsPwLJCdoI?modestbranding=1&rel=0&showinfo=0&autohide=1&autoplay=1&iv_load_policy=3&color=red&vq=hd720&theme=dark&controls=1&start=&end=\" title=\"Multitasking \u2022 Martin Bohadlo\" class=\"utv-popup\">\r\n\t\t\t\t\t<span class=\"utv-play-btn\"><\/span>\r\n\t\t\t\t\t<img decoding=\"async\" src=\"http:\/\/videoculture.cz\/wp-content\/uploads\/utubevideo-cache\/kPsPwLJCdoI68.jpg\" data-rjs=\"2\">\r\n\t\t\t\t<\/a>\r\n\t\t\t\t<span>Multitasking \u2022 Martin Bohadlo<\/span>\r\n\t\t\t<\/div><div class=\"utv-thumb utv-youtube-rt\">\r\n\t\t\t\t<a href=\"https:\/\/www.youtube.com\/embed\/zvbxkNJEKj0?modestbranding=1&rel=0&showinfo=0&autohide=1&autoplay=1&iv_load_policy=3&color=red&vq=hd720&theme=dark&controls=1&start=&end=\" title=\"Posti\u017eeni um\u011bn\u00edm \u2022 Hendaver\" class=\"utv-popup\">\r\n\t\t\t\t\t<span class=\"utv-play-btn\"><\/span>\r\n\t\t\t\t\t<img decoding=\"async\" src=\"http:\/\/videoculture.cz\/wp-content\/uploads\/utubevideo-cache\/zvbxkNJEKj069.jpg\" data-rjs=\"2\">\r\n\t\t\t\t<\/a>\r\n\t\t\t\t<span>Posti\u017eeni um\u011bn\u00edm \u2022 Hendaver<\/span>\r\n\t\t\t<\/div><div class=\"utv-thumb utv-youtube-rt\">\r\n\t\t\t\t<a href=\"https:\/\/www.youtube.com\/embed\/CSiYR-TYWHM?modestbranding=1&rel=0&showinfo=0&autohide=1&autoplay=1&iv_load_policy=3&color=red&vq=hd720&theme=dark&controls=1&start=&end=\" title=\"Chips drunk love \u2022  Kamar\u00e1d LORM\" class=\"utv-popup\">\r\n\t\t\t\t\t<span class=\"utv-play-btn\"><\/span>\r\n\t\t\t\t\t<img decoding=\"async\" src=\"http:\/\/videoculture.cz\/wp-content\/uploads\/utubevideo-cache\/CSiYR-TYWHM70.jpg\" data-rjs=\"2\">\r\n\t\t\t\t<\/a>\r\n\t\t\t\t<span>Chips drunk love \u2022  Kamar\u00e1d LORM<\/span>\r\n\t\t\t<\/div><div class=\"utv-thumb utv-youtube-rt\">\r\n\t\t\t\t<a href=\"https:\/\/www.youtube.com\/embed\/4V7ex-fe24k?modestbranding=1&rel=0&showinfo=0&autohide=1&autoplay=1&iv_load_policy=3&color=red&vq=hd720&theme=dark&controls=1&start=&end=\" title=\"Tatiana \u2022 Zuzana Pracn\u00e1\" class=\"utv-popup\">\r\n\t\t\t\t\t<span class=\"utv-play-btn\"><\/span>\r\n\t\t\t\t\t<img decoding=\"async\" src=\"http:\/\/videoculture.cz\/wp-content\/uploads\/utubevideo-cache\/4V7ex-fe24k71.jpg\" data-rjs=\"2\">\r\n\t\t\t\t<\/a>\r\n\t\t\t\t<span>Tatiana \u2022 Zuzana Pracn\u00e1<\/span>\r\n\t\t\t<\/div><div class=\"utv-thumb utv-youtube-rt\">\r\n\t\t\t\t<a href=\"https:\/\/www.youtube.com\/embed\/gS7HCi88BMY?modestbranding=1&rel=0&showinfo=0&autohide=1&autoplay=1&iv_load_policy=3&color=red&vq=hd720&theme=dark&controls=1&start=&end=\" title=\"Jan St\u011bhule \u2022 FRANTI\u0160KOVY L\u00c1ZN\u011a\" class=\"utv-popup\">\r\n\t\t\t\t\t<span class=\"utv-play-btn\"><\/span>\r\n\t\t\t\t\t<img decoding=\"async\" src=\"http:\/\/videoculture.cz\/wp-content\/uploads\/utubevideo-cache\/gS7HCi88BMY72.jpg\" data-rjs=\"2\">\r\n\t\t\t\t<\/a>\r\n\t\t\t\t<span>Jan St\u011bhule \u2022 FRANTI\u0160KOVY L\u00c1ZN\u011a<\/span>\r\n\t\t\t<\/div><\/div><\/div><\/div>\n<p>&nbsp;<\/p>\n<div class=\"su-button-center\"><a href=\"http:\/\/videoculture.cz\/en\/fest\/\" class=\"su-button su-button-style-flat\" style=\"color:#FFFFFF;background-color:#28384b;border-color:#202d3c;border-radius:0px;-moz-border-radius:0px;-webkit-border-radius:0px\" target=\"_self\"><span style=\"color:#FFFFFF;padding:6px 18px;font-size:14px;line-height:21px;border-color:#697481;border-radius:0px;-moz-border-radius:0px;-webkit-border-radius:0px;text-shadow:0px 0px 0px #e35a00;-moz-text-shadow:0px 0px 0px #e35a00;-webkit-text-shadow:0px 0px 0px #e35a00\"><i class=\"sui sui-film\" style=\"font-size:14px;color:#FFFFFF\"><\/i> Fest page<small style=\"padding-bottom:6px;color:#FFFFFF\">VideoCulture Fest 2014<\/small><\/span><\/a><\/div>\n<\/p>\n<p><\/p>","protected":false},"excerpt":{"rendered":"<p>[ssba] &nbsp;<\/p>\n","protected":false},"author":1,"featured_media":0,"parent":3641,"menu_order":16,"comment_status":"closed","ping_status":"closed","template":"","meta":{"ngg_post_thumbnail":0,"footnotes":""},"_links":{"self":[{"href":"https:\/\/videoculture.cz\/en\/wp-json\/wp\/v2\/pages\/4949"}],"collection":[{"href":"https:\/\/videoculture.cz\/en\/wp-json\/wp\/v2\/pages"}],"about":[{"href":"https:\/\/videoculture.cz\/en\/wp-json\/wp\/v2\/types\/page"}],"author":[{"embeddable":true,"href":"https:\/\/videoculture.cz\/en\/wp-json\/wp\/v2\/users\/1"}],"replies":[{"embeddable":true,"href":"https:\/\/videoculture.cz\/en\/wp-json\/wp\/v2\/comments?post=4949"}],"version-history":[{"count":68,"href":"https:\/\/videoculture.cz\/en\/wp-json\/wp\/v2\/pages\/4949\/revisions"}],"predecessor-version":[{"id":5239,"href":"https:\/\/videoculture.cz\/en\/wp-json\/wp\/v2\/pages\/4949\/revisions\/5239"}],"up":[{"embeddable":true,"href":"https:\/\/videoculture.cz\/en\/wp-json\/wp\/v2\/pages\/3641"}],"wp:attachment":[{"href":"https:\/\/videoculture.cz\/en\/wp-json\/wp\/v2\/media?parent=4949"}],"curies":[{"name":"wp","href":"https:\/\/api.w.org\/{rel}","templated":true}]}}