{"id":5517,"date":"2015-08-10T13:44:59","date_gmt":"2015-08-10T11:44:59","guid":{"rendered":"http:\/\/videoculture.cz\/?page_id=5517"},"modified":"2019-08-31T00:16:37","modified_gmt":"2019-08-30T22:16:37","slug":"divacke-hlasovani-vysledky","status":"publish","type":"page","link":"https:\/\/videoculture.cz\/de\/divacke-hlasovani-vysledky\/","title":{"rendered":"(\u010ce\u0161tina) Div\u00e1ck\u00e9 hlasov\u00e1n\u00ed &#8211; v\u00fdsledky"},"content":{"rendered":"","protected":true},"excerpt":{"rendered":"","protected":true},"author":1,"featured_media":0,"parent":0,"menu_order":0,"comment_status":"closed","ping_status":"closed","template":"full-width-page.php","meta":{"ngg_post_thumbnail":0,"footnotes":""},"_links":{"self":[{"href":"https:\/\/videoculture.cz\/de\/wp-json\/wp\/v2\/pages\/5517"}],"collection":[{"href":"https:\/\/videoculture.cz\/de\/wp-json\/wp\/v2\/pages"}],"about":[{"href":"https:\/\/videoculture.cz\/de\/wp-json\/wp\/v2\/types\/page"}],"author":[{"embeddable":true,"href":"https:\/\/videoculture.cz\/de\/wp-json\/wp\/v2\/users\/1"}],"replies":[{"embeddable":true,"href":"https:\/\/videoculture.cz\/de\/wp-json\/wp\/v2\/comments?post=5517"}],"version-history":[{"count":9,"href":"https:\/\/videoculture.cz\/de\/wp-json\/wp\/v2\/pages\/5517\/revisions"}],"predecessor-version":[{"id":7424,"href":"https:\/\/videoculture.cz\/de\/wp-json\/wp\/v2\/pages\/5517\/revisions\/7424"}],"wp:attachment":[{"href":"https:\/\/videoculture.cz\/de\/wp-json\/wp\/v2\/media?parent=5517"}],"curies":[{"name":"wp","href":"https:\/\/api.w.org\/{rel}","templated":true}]}}