{"id":6945,"date":"2017-11-07T09:30:13","date_gmt":"2017-11-07T08:30:13","guid":{"rendered":"http:\/\/videoculture.cz\/?page_id=6945"},"modified":"2017-11-24T19:41:23","modified_gmt":"2017-11-24T18:41:23","slug":"soutezni-filmy-2017","status":"publish","type":"page","link":"http:\/\/videoculture.cz\/en\/fest\/soutezni-filmy-2017\/","title":{"rendered":"(\u010ce\u0161tina) Sout\u011b\u017en\u00ed filmy 2017"},"content":{"rendered":"<p class=\"qtranxs-available-languages-message qtranxs-available-languages-message-en\">Sorry, this entry is only available in <a href=\"http:\/\/videoculture.cz\/cs\/wp-json\/wp\/v2\/pages\/6945\" class=\"qtranxs-available-language-link qtranxs-available-language-link-cs\" title=\"\u010ce\u0161tina\">Czech<\/a>.<\/p>","protected":false},"excerpt":{"rendered":"<p>Sorry, this entry is only available in Czech.<\/p>\n","protected":false},"author":1,"featured_media":0,"parent":3641,"menu_order":0,"comment_status":"closed","ping_status":"closed","template":"","meta":{"ngg_post_thumbnail":0,"footnotes":""},"_links":{"self":[{"href":"http:\/\/videoculture.cz\/en\/wp-json\/wp\/v2\/pages\/6945"}],"collection":[{"href":"http:\/\/videoculture.cz\/en\/wp-json\/wp\/v2\/pages"}],"about":[{"href":"http:\/\/videoculture.cz\/en\/wp-json\/wp\/v2\/types\/page"}],"author":[{"embeddable":true,"href":"http:\/\/videoculture.cz\/en\/wp-json\/wp\/v2\/users\/1"}],"replies":[{"embeddable":true,"href":"http:\/\/videoculture.cz\/en\/wp-json\/wp\/v2\/comments?post=6945"}],"version-history":[{"count":0,"href":"http:\/\/videoculture.cz\/en\/wp-json\/wp\/v2\/pages\/6945\/revisions"}],"up":[{"embeddable":true,"href":"http:\/\/videoculture.cz\/en\/wp-json\/wp\/v2\/pages\/3641"}],"wp:attachment":[{"href":"http:\/\/videoculture.cz\/en\/wp-json\/wp\/v2\/media?parent=6945"}],"curies":[{"name":"wp","href":"https:\/\/api.w.org\/{rel}","templated":true}]}}