{"id":2865,"date":"2013-09-25T10:44:27","date_gmt":"2013-09-25T08:44:27","guid":{"rendered":"http:\/\/videoculture.cz\/?page_id=2865"},"modified":"2015-11-01T00:00:57","modified_gmt":"2015-10-31T23:00:57","slug":"festival-2013-filmy","status":"publish","type":"page","link":"http:\/\/videoculture.cz\/en\/fest\/festival-2013-filmy\/","title":{"rendered":"Competition movies, 2013"},"content":{"rendered":"<p>[ssba]\n<p style=\"text-align: center;\"><a title=\"VideoCulture Fest 2013\" href=\"http:\/\/videoculture.cz\/en\/festival-2013\/\">Application form and proposition of VideoCulture Fest.<\/a><\/p>\n<h1 style=\"text-align: center;\">VideoCulture Fest 2013 is over.<br \/>\nWe look forward to your movies in the next year.<\/h1>\n<h2>Category 18+<\/h2>\n<table border=\"0\">\n<tbody>\n<tr>\n<td>[youtubegallery]Maikoland (reportage) \u2022\u00a0Danu\u0161e Kub\u00e1tov\u00e1|http:\/\/www.youtube.com\/watch?v=5QfAQa3-kjg[\/youtubegallery]<\/td>\n<td>[youtubegallery]Za Svato\u0161em na Loket \u2013 F\u00fcr Gottstein zu Loket\u00a0(document) \u2022\u00a0P\u0159emysl \u010casar |http:\/\/www.youtube.com\/watch?v=dWk8xWUbXBU[\/youtubegallery]<\/td>\n<td>[youtubegallery]M\u00edjen\u00ed (motion film)\u00a0\u2022\u00a0Kate\u0159ina \u0160ollarov\u00e1|<a href=\"https:\/\/www.youtube.com\/watch?v=j90h8YjmuRA\">http:\/\/www.youtube.com\/watch?v=j90h8YjmuRA<\/a>[\/youtubegallery]<\/td>\n<\/tr>\n<tr>\n<td>[youtubegallery]Cesta na Carnot (NONCOMPETITIVE, promotion\u00a0reportage) \u2022 Students of A\u010cV Medialog o.s.|http:\/\/www.youtube.com\/watch?v=C7729fK42Is[\/youtubegallery]<\/td>\n<td>[youtubegallery]N\u00e1vrat ztracen\u00e9ho syna (motion film)\u00a0\u2022\u00a0Zden\u011bk V\u00e9voda|<a href=\"https:\/\/www.youtube.com\/watch?v=V6TE6E4R3us\">http:\/\/www.youtube.com\/watch?v=V6TE6E4R3us<\/a>[\/youtubegallery]<\/td>\n<td>[youtubegallery]H.L.A.D. (animated film)\u00a0\u2022\u00a0Milan \u0160tajer and Lucie Heroutov\u00e1|<a href=\"http:\/\/www.youtube.com\/watch?v=k6H63x-e-WU\" target=\"_blank\">http:\/\/www.youtube.com\/watch?<wbr \/>v=k6H63x-e-WU<\/a>[\/youtubegallery]<\/td>\n<\/tr>\n<tr>\n<td>[youtubegallery]The Heart and the Number (motion film)\u00a0\u2022\u00a0Bohemian Paradise Productions|http:\/\/www.youtube.com\/watch?v=TJbyXz9Rjyk[\/youtubegallery]<\/td>\n<td>[youtubegallery]Coexistence (motion film) \u2022\u00a0Jakub Sl\u00e1dek |<a href=\"https:\/\/www.youtube.com\/watch?v=PAbmycuo9PE\">http:\/\/www.youtube.com\/watch?v=PAbmycuo9PE<\/a>[\/youtubegallery]<\/td>\n<td>[youtubegallery]PSYCHIC SUE (motion film)\u00a0\u2022\u00a0Dave Lojek|http:\/\/www.youtube.com\/watch?v=B4jKEcC973M[\/youtubegallery]<\/td>\n<\/tr>\n<tr>\n<td>[youtubegallery]L\u2019Ours (motion film)\u00a0\u2022\u00a0Ana Prodanova|http:\/\/www.youtube.com\/watch?v=H4rx4X-qMNA[\/youtubegallery]<\/td>\n<td>[vimeogallery]Tour of Mauritius (short movie clip) \u2022 EdgeTV|<a href=\"http:\/\/vimeo.com\/57155501\">http:\/\/vimeo.com\/57155501<\/a>[\/vimeogallery]<\/td>\n<td>[vimeogallery]&#8221;For Her\u2019\u2019 (short movie clip) \u2022\u00a0Bradley Stearn|http:\/\/vimeo.com\/77209528[\/vimeogallery]<\/td>\n<\/tr>\n<tr>\n<td>[youtubegallery]I Know How You Feel (motion film) \u2022\u00a0Mdhamiri a Nkemi|<a href=\"http:\/\/www.youtube.com\/watch?v=en1RdEWPvXA\">http:\/\/www.youtube.com\/watch?v=en1RdEWPvXA<\/a>[\/youtubegallery]<\/td>\n<td>[youtubegallery]Vizion\u00e1\u0159 (motion film)\u00a0\u2022\u00a0\u0160t\u011bp\u00e1n Etrych \/ Aquarius Pictures|http:\/\/www.youtube.com\/watch?v=PyrRkm_p0so[\/youtubegallery]<\/td>\n<td>[youtubegallery]Nebezpe\u010dn\u00fd z\u00e1jezd (motion film)\u00a0\u2022\u00a0Blues film|http:\/\/www.youtube.com\/watch?v=5qU8Lm9rNNk[\/youtubegallery]<\/td>\n<\/tr>\n<tr>\n<td>[youtubegallery]Writer\u00b4s Dream (motion film) \u2022\u00a0Kon\u00ed\u010dek, Oravec, Prist\u00e1\u0161, Ka\u017eim\u00edrov\u00e1|http:\/\/www.youtube.com\/watch?v=oU_INu8uwjI[\/youtubegallery]<\/td>\n<td>[youtubegallery]A brief introduction to the end of the world (document)\u00a0\u2022\u00a07*noon \u2013 new media art|http:\/\/www.youtube.com\/watch?v=I6UcZSv9nU0[\/youtubegallery]<\/td>\n<td>[youtubegallery]Real Love (motion film) \u2022 ChaosFilm|http:\/\/www.youtube.com\/watch?v=o6FAJNaIZu4&amp;feature=youtu.be[\/youtubegallery]<\/td>\n<\/tr>\n<\/tbody>\n<\/table>\n<h2>Category under 18 years<\/h2>\n<table border=\"0\">\n<tbody>\n<tr>\n<td>[youtubegallery]Different (experimental) \u2022\u00a0Dominik Gyorgy|<a href=\"https:\/\/www.youtube.com\/watch?v=u6vSBoIkadw\">http:\/\/www.youtube.com\/watch?v=u6vSBoIkadw<\/a>[\/youtubegallery]<\/td>\n<td>[youtubegallery]HRA (experimental)\u00a0\u2022\u00a0StuBy video production|<a href=\"http:\/\/www.youtube.com\/watch?v=OGV_FkPB4eA\">http:\/\/www.youtube.com\/watch?v=OGV_FkPB4eA<\/a>[\/youtubegallery]<\/td>\n<td><\/td>\n<\/tr>\n<\/tbody>\n<\/table>\n<p><span style=\"color: #000000; font-family: Verdana, Arial, Helvetica, sans-serif; font-size: 11px; line-height: normal;\">\u00a0<\/span><\/p>","protected":false},"excerpt":{"rendered":"<p>[ssba] Application form and proposition of VideoCulture Fest. VideoCulture Fest 2013 is over. We look forward to your movies in the next year. Category 18+ [youtubegallery]Maikoland (reportage) \u2022\u00a0Danu\u0161e Kub\u00e1tov\u00e1|http:\/\/www.youtube.com\/watch?v=5QfAQa3-kjg[\/youtubegallery] [youtubegallery]Za Svato\u0161em na Loket \u2013 F\u00fcr Gottstein zu Loket\u00a0(document) \u2022\u00a0P\u0159emysl \u010casar &hellip; <a href=\"http:\/\/videoculture.cz\/en\/fest\/festival-2013-filmy\/\">Zobrazit <span class=\"meta-nav\">&rarr;<\/span><\/a><\/p>\n","protected":false},"author":1,"featured_media":0,"parent":3641,"menu_order":17,"comment_status":"closed","ping_status":"closed","template":"","meta":{"ngg_post_thumbnail":0,"footnotes":""},"_links":{"self":[{"href":"http:\/\/videoculture.cz\/en\/wp-json\/wp\/v2\/pages\/2865"}],"collection":[{"href":"http:\/\/videoculture.cz\/en\/wp-json\/wp\/v2\/pages"}],"about":[{"href":"http:\/\/videoculture.cz\/en\/wp-json\/wp\/v2\/types\/page"}],"author":[{"embeddable":true,"href":"http:\/\/videoculture.cz\/en\/wp-json\/wp\/v2\/users\/1"}],"replies":[{"embeddable":true,"href":"http:\/\/videoculture.cz\/en\/wp-json\/wp\/v2\/comments?post=2865"}],"version-history":[{"count":150,"href":"http:\/\/videoculture.cz\/en\/wp-json\/wp\/v2\/pages\/2865\/revisions"}],"predecessor-version":[{"id":5807,"href":"http:\/\/videoculture.cz\/en\/wp-json\/wp\/v2\/pages\/2865\/revisions\/5807"}],"up":[{"embeddable":true,"href":"http:\/\/videoculture.cz\/en\/wp-json\/wp\/v2\/pages\/3641"}],"wp:attachment":[{"href":"http:\/\/videoculture.cz\/en\/wp-json\/wp\/v2\/media?parent=2865"}],"curies":[{"name":"wp","href":"https:\/\/api.w.org\/{rel}","templated":true}]}}