{"id":154,"date":"2012-12-06T12:37:09","date_gmt":"2012-12-06T11:37:09","guid":{"rendered":"http:\/\/wp.videoculture.cz\/?page_id=154"},"modified":"2015-11-01T11:45:50","modified_gmt":"2015-11-01T10:45:50","slug":"vystavy","status":"publish","type":"page","link":"http:\/\/videoculture.cz\/en\/vzdelavani\/vystavy\/","title":{"rendered":"Exhibitions"},"content":{"rendered":"<p><\/p>\n<ul class=\"ngg-breadcrumbs\">\n\t\t\t<li class=\"ngg-breadcrumb\">\n\t\t\t\t\t\t\tFotogalerie 2008\t\t\t\t\t\t\t\t<\/li>\n\t<\/ul>\n<div class=\"ngg-albumoverview\">\n\n\t<!-- List of galleries -->\n\t\t\n\t<div class=\"ngg-album-compact\">\n\t\t<div class=\"ngg-album-compactbox\">\n\t\t\t<div class=\"ngg-album-link\">\n\t\t\t\t\t\t\t\t\t<a class=\"Link\" href=\"http:\/\/videoculture.cz\/en\/vzdelavani\/vystavy\/album\/album-7\/vernisaz-vystavy-strepy-a-stripky-garden-cafe-taussig\">\n\t\t\t\t\t\t<img class=\"Thumb\"\n\t\t\t\t\t\t\talt=\"[:cs]Vernis\u00e1\u017e v\u00fdstavy St\u0159epy a st\u0159\u00edpky (Garden Caf\u00e9 Taussig)[:en][:de]Die deutsche Version abgeschlossen\"\n\t\t\t\t\t\t\tsrc=\"http:\/\/videoculture.cz\/wp-content\/gallery\/vernisaz-vystavy-strepy-a-stripky-garden-cafe-taussig\/cache\/a_15.jpg-nggid044042-ngg0dyn-240x160x90-00f0w010c011r110f110r010t010.jpg\"\/>\n\t\t\t\t\t<\/a>\n\t\t\t\t\t\t\t<\/div>\n\t\t<\/div>\n\t\t\t\t\t<h4>\n\t\t\t<a class=\"ngg-album-desc\"\n\t\t\t\ttitle=\"[:cs]Vernis\u00e1\u017e v\u00fdstavy St\u0159epy a st\u0159\u00edpky (Garden Caf\u00e9 Taussig)[:en][:de]Die deutsche Version abgeschlossen\"\n\t\t\t\thref=\"http:\/\/videoculture.cz\/en\/vzdelavani\/vystavy\/album\/album-7\/vernisaz-vystavy-strepy-a-stripky-garden-cafe-taussig\"\n\t\t\t\tstyle=\"max-width: 260px\">\n\t\t\t\t[:cs]Vernis\u00e1\u017e v\u00fdstavy St\u0159epy a st\u0159\u00edpky (Garden Caf\u00e9 Taussig)[:en][:de]Die deutsche Version abgeschlossen\t\t\t<\/a>\n\t\t<\/h4>\n\t\t<p class=\"ngg-album-gallery-image-counter\">\n\t\t\t\t\t\t\t<strong>15<\/strong>&nbsp;Photos\t\t\t\t\t<\/p>\n\t<\/div>\n\n\t\n\t<div class=\"ngg-album-compact\">\n\t\t<div class=\"ngg-album-compactbox\">\n\t\t\t<div class=\"ngg-album-link\">\n\t\t\t\t\t\t\t\t\t<a class=\"Link\" href=\"http:\/\/videoculture.cz\/en\/vzdelavani\/vystavy\/album\/album-7\/vystava-mirosov-2016-jak-bezi-cas\">\n\t\t\t\t\t\t<img class=\"Thumb\"\n\t\t\t\t\t\t\talt=\"[:cs]V\u00fdstava Miro\u0161ov 2016 \u2013 Jak b\u011b\u017e\u00ed \u010das[:en]Exhibition Mirosov 2016 - As time runs[:de]Die deutsche Version abgeschlossen\"\n\t\t\t\t\t\t\tsrc=\"http:\/\/videoculture.cz\/wp-content\/gallery\/vystava-mirosov-2016-jak-bezi-cas\/cache\/a26.jpg-nggid043501-ngg0dyn-240x160x90-00f0w010c011r110f110r010t010.jpg\"\/>\n\t\t\t\t\t<\/a>\n\t\t\t\t\t\t\t<\/div>\n\t\t<\/div>\n\t\t\t\t\t<h4>\n\t\t\t<a class=\"ngg-album-desc\"\n\t\t\t\ttitle=\"[:cs]V\u00fdstava Miro\u0161ov 2016 \u2013 Jak b\u011b\u017e\u00ed \u010das[:en]Exhibition Mirosov 2016 - As time runs[:de]Die deutsche Version abgeschlossen\"\n\t\t\t\thref=\"http:\/\/videoculture.cz\/en\/vzdelavani\/vystavy\/album\/album-7\/vystava-mirosov-2016-jak-bezi-cas\"\n\t\t\t\tstyle=\"max-width: 260px\">\n\t\t\t\t[:cs]V\u00fdstava Miro\u0161ov 2016 \u2013 Jak b\u011b\u017e\u00ed \u010das[:en]Exhibition Mirosov 2016 - As time runs[:de]Die deutsche Version abgeschlossen\t\t\t<\/a>\n\t\t<\/h4>\n\t\t<p class=\"ngg-album-gallery-image-counter\">\n\t\t\t\t\t\t\t<strong>26<\/strong>&nbsp;Photos\t\t\t\t\t<\/p>\n\t<\/div>\n\n\t\n\t<div class=\"ngg-album-compact\">\n\t\t<div class=\"ngg-album-compactbox\">\n\t\t\t<div class=\"ngg-album-link\">\n\t\t\t\t\t\t\t\t\t<a class=\"Link\" href=\"http:\/\/videoculture.cz\/en\/vzdelavani\/vystavy\/album\/album-7\/vernisaz-vystavy-kouzlo-okamziku-benesov-2016\">\n\t\t\t\t\t\t<img class=\"Thumb\"\n\t\t\t\t\t\t\talt=\"[:cs]Vernis\u00e1\u017e v\u00fdstavy Kouzlo okam\u017eiku (Bene\u0161ov 2016)[:en]Opening od exhibition (Bene\u0161ov 2016)[:de]Die deutsche Version abgeschlossen\"\n\t\t\t\t\t\t\tsrc=\"http:\/\/videoculture.cz\/wp-content\/gallery\/vernisaz-vystavy-kouzlo-okamziku-benesov-2016\/cache\/a31.jpg-nggid043323-ngg0dyn-240x160x90-00f0w010c011r110f110r010t010.jpg\"\/>\n\t\t\t\t\t<\/a>\n\t\t\t\t\t\t\t<\/div>\n\t\t<\/div>\n\t\t\t\t\t<h4>\n\t\t\t<a class=\"ngg-album-desc\"\n\t\t\t\ttitle=\"[:cs]Vernis\u00e1\u017e v\u00fdstavy Kouzlo okam\u017eiku (Bene\u0161ov 2016)[:en]Opening od exhibition (Bene\u0161ov 2016)[:de]Die deutsche Version abgeschlossen\"\n\t\t\t\thref=\"http:\/\/videoculture.cz\/en\/vzdelavani\/vystavy\/album\/album-7\/vernisaz-vystavy-kouzlo-okamziku-benesov-2016\"\n\t\t\t\tstyle=\"max-width: 260px\">\n\t\t\t\t[:cs]Vernis\u00e1\u017e v\u00fdstavy Kouzlo okam\u017eiku (Bene\u0161ov 2016)[:en]Opening od exhibition (Bene\u0161ov 2016)[:de]Die deutsche Version abgeschlossen\t\t\t<\/a>\n\t\t<\/h4>\n\t\t<p class=\"ngg-album-gallery-image-counter\">\n\t\t\t\t\t\t\t<strong>31<\/strong>&nbsp;Photos\t\t\t\t\t<\/p>\n\t<\/div>\n\n\t\n\t<div class=\"ngg-album-compact\">\n\t\t<div class=\"ngg-album-compactbox\">\n\t\t\t<div class=\"ngg-album-link\">\n\t\t\t\t\t\t\t\t\t<a class=\"Link\" href=\"http:\/\/videoculture.cz\/en\/vzdelavani\/vystavy\/album\/album-7\/vystava-kouzlo-okamziku-magistrat-hl-m-prahy-2016\">\n\t\t\t\t\t\t<img class=\"Thumb\"\n\t\t\t\t\t\t\talt=\"V\u00fdstava Kouzlo okam\u017eiku | Magistr\u00e1t hl. m. Prahy (2016)\"\n\t\t\t\t\t\t\tsrc=\"http:\/\/videoculture.cz\/wp-content\/gallery\/vystava-kouzlo-okamziku-magistrat-hl-m-prahy\/cache\/a01.jpg-nggid043212-ngg0dyn-240x160x90-00f0w010c011r110f110r010t010.jpg\"\/>\n\t\t\t\t\t<\/a>\n\t\t\t\t\t\t\t<\/div>\n\t\t<\/div>\n\t\t\t\t\t<h4>\n\t\t\t<a class=\"ngg-album-desc\"\n\t\t\t\ttitle=\"V\u00fdstava Kouzlo okam\u017eiku | Magistr\u00e1t hl. m. Prahy (2016)\"\n\t\t\t\thref=\"http:\/\/videoculture.cz\/en\/vzdelavani\/vystavy\/album\/album-7\/vystava-kouzlo-okamziku-magistrat-hl-m-prahy-2016\"\n\t\t\t\tstyle=\"max-width: 260px\">\n\t\t\t\tV\u00fdstava Kouzlo okam\u017eiku | Magistr\u00e1t hl. m. Prahy (2016)\t\t\t<\/a>\n\t\t<\/h4>\n\t\t<p class=\"ngg-album-gallery-image-counter\">\n\t\t\t\t\t\t\t<strong>26<\/strong>&nbsp;Photos\t\t\t\t\t<\/p>\n\t<\/div>\n\n\t\n\t<div class=\"ngg-album-compact\">\n\t\t<div class=\"ngg-album-compactbox\">\n\t\t\t<div class=\"ngg-album-link\">\n\t\t\t\t\t\t\t\t\t<a class=\"Link\" href=\"http:\/\/videoculture.cz\/en\/vzdelavani\/vystavy\/album\/album-7\/vystava-vnitrni-a-vnejsi-pohledy-mestska-knihovna-tabor-2015\">\n\t\t\t\t\t\t<img class=\"Thumb\"\n\t\t\t\t\t\t\talt=\"V\u00fdstava Vnit\u0159n\u00ed a vn\u011bj\u0161\u00ed pohledy | M\u011bstsk\u00e1 knihovna T\u00e1bor (2015)\"\n\t\t\t\t\t\t\tsrc=\"http:\/\/videoculture.cz\/wp-content\/gallery\/vystava-vnitrni-a-vnejsi-pohledy-mestska-knihovna-tabor\/cache\/a31.jpg-nggid042997-ngg0dyn-240x160x90-00f0w010c011r110f110r010t010.jpg\"\/>\n\t\t\t\t\t<\/a>\n\t\t\t\t\t\t\t<\/div>\n\t\t<\/div>\n\t\t\t\t\t<h4>\n\t\t\t<a class=\"ngg-album-desc\"\n\t\t\t\ttitle=\"V\u00fdstava Vnit\u0159n\u00ed a vn\u011bj\u0161\u00ed pohledy | M\u011bstsk\u00e1 knihovna T\u00e1bor (2015)\"\n\t\t\t\thref=\"http:\/\/videoculture.cz\/en\/vzdelavani\/vystavy\/album\/album-7\/vystava-vnitrni-a-vnejsi-pohledy-mestska-knihovna-tabor-2015\"\n\t\t\t\tstyle=\"max-width: 260px\">\n\t\t\t\tV\u00fdstava Vnit\u0159n\u00ed a vn\u011bj\u0161\u00ed pohledy | M\u011bstsk\u00e1 knihovna T\u00e1bor (2015)\t\t\t<\/a>\n\t\t<\/h4>\n\t\t<p class=\"ngg-album-gallery-image-counter\">\n\t\t\t\t\t\t\t<strong>30<\/strong>&nbsp;Photos\t\t\t\t\t<\/p>\n\t<\/div>\n\n\t\n\t<div class=\"ngg-album-compact\">\n\t\t<div class=\"ngg-album-compactbox\">\n\t\t\t<div class=\"ngg-album-link\">\n\t\t\t\t\t\t\t\t\t<a class=\"Link\" href=\"http:\/\/videoculture.cz\/en\/vzdelavani\/vystavy\/album\/album-7\/mirosov-2015-vnitrni-a-vnejsi-pohledy-vernisaz\">\n\t\t\t\t\t\t<img class=\"Thumb\"\n\t\t\t\t\t\t\talt=\"[:cs]Miro\u0161ov 2015 - Vnit\u0159n\u00ed a vn\u011bj\u0161\u00ed pohledy (vernis\u00e1\u017e)[:en]Exhibition of TS Ve\u010dernice (Miro\u0161ov 2015)[:de]Die deutsche Version abgeschlossen\"\n\t\t\t\t\t\t\tsrc=\"http:\/\/videoculture.cz\/wp-content\/gallery\/mirosov-2015-vnitrni-a-vnejsi-pohledy-vernisaz\/cache\/a03.jpg-nggid042901-ngg0dyn-240x160x90-00f0w010c011r110f110r010t010.jpg\"\/>\n\t\t\t\t\t<\/a>\n\t\t\t\t\t\t\t<\/div>\n\t\t<\/div>\n\t\t\t\t\t<h4>\n\t\t\t<a class=\"ngg-album-desc\"\n\t\t\t\ttitle=\"[:cs]Miro\u0161ov 2015 - Vnit\u0159n\u00ed a vn\u011bj\u0161\u00ed pohledy (vernis\u00e1\u017e)[:en]Exhibition of TS Ve\u010dernice (Miro\u0161ov 2015)[:de]Die deutsche Version abgeschlossen\"\n\t\t\t\thref=\"http:\/\/videoculture.cz\/en\/vzdelavani\/vystavy\/album\/album-7\/mirosov-2015-vnitrni-a-vnejsi-pohledy-vernisaz\"\n\t\t\t\tstyle=\"max-width: 260px\">\n\t\t\t\t[:cs]Miro\u0161ov 2015 - Vnit\u0159n\u00ed a vn\u011bj\u0161\u00ed pohledy (vernis\u00e1\u017e)[:en]Exhibition of TS Ve\u010dernice (Miro\u0161ov 2015)[:de]Die deutsche Version abgeschlossen\t\t\t<\/a>\n\t\t<\/h4>\n\t\t<p class=\"ngg-album-gallery-image-counter\">\n\t\t\t\t\t\t\t<strong>20<\/strong>&nbsp;Photos\t\t\t\t\t<\/p>\n\t<\/div>\n\n\t\n\t<div class=\"ngg-album-compact\">\n\t\t<div class=\"ngg-album-compactbox\">\n\t\t\t<div class=\"ngg-album-link\">\n\t\t\t\t\t\t\t\t\t<a class=\"Link\" href=\"http:\/\/videoculture.cz\/en\/vzdelavani\/vystavy\/album\/album-7\/imago-mundi-vystava-autoru-ts-vecernice-tabor-2014\">\n\t\t\t\t\t\t<img class=\"Thumb\"\n\t\t\t\t\t\t\talt=\"[:cs]Imago Mundi, V\u00fdstava autor\u016f TS Ve\u010dernice (T\u00e1bor 2014)[:en]Imago Mundi , exhibition of authors from creative group Vesper (T\u00e1bor city 2014)[:de]Die deutsche Version abgeschlossen\"\n\t\t\t\t\t\t\tsrc=\"http:\/\/videoculture.cz\/wp-content\/gallery\/imago-mundi-vystava-autoru-ts-vecernice\/cache\/22.jpg-nggid042454-ngg0dyn-240x160x90-00f0w010c011r110f110r010t010.jpg\"\/>\n\t\t\t\t\t<\/a>\n\t\t\t\t\t\t\t<\/div>\n\t\t<\/div>\n\t\t\t\t\t<h4>\n\t\t\t<a class=\"ngg-album-desc\"\n\t\t\t\ttitle=\"[:cs]Imago Mundi, V\u00fdstava autor\u016f TS Ve\u010dernice (T\u00e1bor 2014)[:en]Imago Mundi , exhibition of authors from creative group Vesper (T\u00e1bor city 2014)[:de]Die deutsche Version abgeschlossen\"\n\t\t\t\thref=\"http:\/\/videoculture.cz\/en\/vzdelavani\/vystavy\/album\/album-7\/imago-mundi-vystava-autoru-ts-vecernice-tabor-2014\"\n\t\t\t\tstyle=\"max-width: 260px\">\n\t\t\t\t[:cs]Imago Mundi, V\u00fdstava autor\u016f TS Ve\u010dernice (T\u00e1bor 2014)[:en]Imago Mundi , exhibition of authors from creative group Vesper (T\u00e1bor city 2014)[:de]Die deutsche Version abgeschlossen\t\t\t<\/a>\n\t\t<\/h4>\n\t\t<p class=\"ngg-album-gallery-image-counter\">\n\t\t\t\t\t\t\t<strong>21<\/strong>&nbsp;Photos\t\t\t\t\t<\/p>\n\t<\/div>\n\n\t\n\t<div class=\"ngg-album-compact\">\n\t\t<div class=\"ngg-album-compactbox\">\n\t\t\t<div class=\"ngg-album-link\">\n\t\t\t\t\t\t\t\t\t<a class=\"Link\" href=\"http:\/\/videoculture.cz\/en\/vzdelavani\/vystavy\/album\/album-7\/vystava-ts-vecernice-kouzlo-okamziku-mirosov-2014\">\n\t\t\t\t\t\t<img class=\"Thumb\"\n\t\t\t\t\t\t\talt=\"[:cs]V\u00fdstava TS Ve\u010dernice, Kouzlo okam\u017eiku (Miro\u0161ov 2014)[:en]Exhibition of TS Ve\u010dernice (Miro\u0161ov city 2014)[:de]Die deutsche Version abgeschlossen\"\n\t\t\t\t\t\t\tsrc=\"http:\/\/videoculture.cz\/wp-content\/gallery\/vystava-ts-vecernice-kouzlo-okamziku-mirosov-2014\/cache\/i-9.jpg-nggid042036-ngg0dyn-240x160x90-00f0w010c011r110f110r010t010.jpg\"\/>\n\t\t\t\t\t<\/a>\n\t\t\t\t\t\t\t<\/div>\n\t\t<\/div>\n\t\t\t\t\t<h4>\n\t\t\t<a class=\"ngg-album-desc\"\n\t\t\t\ttitle=\"[:cs]V\u00fdstava TS Ve\u010dernice, Kouzlo okam\u017eiku (Miro\u0161ov 2014)[:en]Exhibition of TS Ve\u010dernice (Miro\u0161ov city 2014)[:de]Die deutsche Version abgeschlossen\"\n\t\t\t\thref=\"http:\/\/videoculture.cz\/en\/vzdelavani\/vystavy\/album\/album-7\/vystava-ts-vecernice-kouzlo-okamziku-mirosov-2014\"\n\t\t\t\tstyle=\"max-width: 260px\">\n\t\t\t\t[:cs]V\u00fdstava TS Ve\u010dernice, Kouzlo okam\u017eiku (Miro\u0161ov 2014)[:en]Exhibition of TS Ve\u010dernice (Miro\u0161ov city 2014)[:de]Die deutsche Version abgeschlossen\t\t\t<\/a>\n\t\t<\/h4>\n\t\t<p class=\"ngg-album-gallery-image-counter\">\n\t\t\t\t\t\t\t<strong>54<\/strong>&nbsp;Photos\t\t\t\t\t<\/p>\n\t<\/div>\n\n\t\n\t<div class=\"ngg-album-compact\">\n\t\t<div class=\"ngg-album-compactbox\">\n\t\t\t<div class=\"ngg-album-link\">\n\t\t\t\t\t\t\t\t\t<a class=\"Link\" href=\"http:\/\/videoculture.cz\/en\/vzdelavani\/vystavy\/album\/album-7\/vystava-ts-vecernice-jine-uhly-pohledu-tabor-2014\">\n\t\t\t\t\t\t<img class=\"Thumb\"\n\t\t\t\t\t\t\talt=\"[:cs]V\u00fdstava TS Ve\u010dernice, Jin\u00e9 \u00fahly pohledu (T\u00e1bor 2014)[:en]Exhibition of TS Ve\u010dernice (T\u00e1bor city 2014)[:de]Die deutsche Version abgeschlossen\"\n\t\t\t\t\t\t\tsrc=\"http:\/\/videoculture.cz\/wp-content\/gallery\/vystava-ts-vecernice-jine-uhly-pohledu-tabor-2014\/cache\/f2.jpg-nggid041939-ngg0dyn-240x160x90-00f0w010c011r110f110r010t010.jpg\"\/>\n\t\t\t\t\t<\/a>\n\t\t\t\t\t\t\t<\/div>\n\t\t<\/div>\n\t\t\t\t\t<h4>\n\t\t\t<a class=\"ngg-album-desc\"\n\t\t\t\ttitle=\"[:cs]V\u00fdstava TS Ve\u010dernice, Jin\u00e9 \u00fahly pohledu (T\u00e1bor 2014)[:en]Exhibition of TS Ve\u010dernice (T\u00e1bor city 2014)[:de]Die deutsche Version abgeschlossen\"\n\t\t\t\thref=\"http:\/\/videoculture.cz\/en\/vzdelavani\/vystavy\/album\/album-7\/vystava-ts-vecernice-jine-uhly-pohledu-tabor-2014\"\n\t\t\t\tstyle=\"max-width: 260px\">\n\t\t\t\t[:cs]V\u00fdstava TS Ve\u010dernice, Jin\u00e9 \u00fahly pohledu (T\u00e1bor 2014)[:en]Exhibition of TS Ve\u010dernice (T\u00e1bor city 2014)[:de]Die deutsche Version abgeschlossen\t\t\t<\/a>\n\t\t<\/h4>\n\t\t<p class=\"ngg-album-gallery-image-counter\">\n\t\t\t\t\t\t\t<strong>32<\/strong>&nbsp;Photos\t\t\t\t\t<\/p>\n\t<\/div>\n\n\t\n\t<div class=\"ngg-album-compact\">\n\t\t<div class=\"ngg-album-compactbox\">\n\t\t\t<div class=\"ngg-album-link\">\n\t\t\t\t\t\t\t\t\t<a class=\"Link\" href=\"http:\/\/videoculture.cz\/en\/vzdelavani\/vystavy\/album\/album-7\/praha-vystava-letem-svetem-2014\">\n\t\t\t\t\t\t<img class=\"Thumb\"\n\t\t\t\t\t\t\talt=\"[:cs]Praha: V\u00fdstava Letem Sv\u011btem, 2014[:en]Prague: Exhibition Letem Sv\u011btem (Round the World), 2014[:de]Die deutsche Version abgeschlossen\"\n\t\t\t\t\t\t\tsrc=\"http:\/\/videoculture.cz\/wp-content\/gallery\/2014-vystava-letem-svetem_1\/cache\/9.jpg-nggid041392-ngg0dyn-240x160x90-00f0w010c011r110f110r010t010.jpg\"\/>\n\t\t\t\t\t<\/a>\n\t\t\t\t\t\t\t<\/div>\n\t\t<\/div>\n\t\t\t\t\t<h4>\n\t\t\t<a class=\"ngg-album-desc\"\n\t\t\t\ttitle=\"[:cs]Praha: V\u00fdstava Letem Sv\u011btem, 2014[:en]Prague: Exhibition Letem Sv\u011btem (Round the World), 2014[:de]Die deutsche Version abgeschlossen\"\n\t\t\t\thref=\"http:\/\/videoculture.cz\/en\/vzdelavani\/vystavy\/album\/album-7\/praha-vystava-letem-svetem-2014\"\n\t\t\t\tstyle=\"max-width: 260px\">\n\t\t\t\t[:cs]Praha: V\u00fdstava Letem Sv\u011btem, 2014[:en]Prague: Exhibition Letem Sv\u011btem (Round the World), 2014[:de]Die deutsche Version abgeschlossen\t\t\t<\/a>\n\t\t<\/h4>\n\t\t<p class=\"ngg-album-gallery-image-counter\">\n\t\t\t\t\t\t\t<strong>20<\/strong>&nbsp;Photos\t\t\t\t\t<\/p>\n\t<\/div>\n\n\t\n\t<div class=\"ngg-album-compact\">\n\t\t<div class=\"ngg-album-compactbox\">\n\t\t\t<div class=\"ngg-album-link\">\n\t\t\t\t\t\t\t\t\t<a class=\"Link\" href=\"http:\/\/videoculture.cz\/en\/vzdelavani\/vystavy\/album\/album-7\/mirosov-linie-lajny-linky-2013\">\n\t\t\t\t\t\t<img class=\"Thumb\"\n\t\t\t\t\t\t\talt=\"[:cs]MIRO\u0160OV: LINIE, LAJNY, LINKY; 2013[:en]Mirosov - LINES, LINIES; 2013[:de]Die deutsche Version abgeschlossen\"\n\t\t\t\t\t\t\tsrc=\"http:\/\/videoculture.cz\/wp-content\/gallery\/2013-vystavovane-fotografie-mirosov\/cache\/sdc14946.jpg-nggid041250-ngg0dyn-240x160x90-00f0w010c011r110f110r010t010.jpg\"\/>\n\t\t\t\t\t<\/a>\n\t\t\t\t\t\t\t<\/div>\n\t\t<\/div>\n\t\t\t\t\t<h4>\n\t\t\t<a class=\"ngg-album-desc\"\n\t\t\t\ttitle=\"[:cs]MIRO\u0160OV: LINIE, LAJNY, LINKY; 2013[:en]Mirosov - LINES, LINIES; 2013[:de]Die deutsche Version abgeschlossen\"\n\t\t\t\thref=\"http:\/\/videoculture.cz\/en\/vzdelavani\/vystavy\/album\/album-7\/mirosov-linie-lajny-linky-2013\"\n\t\t\t\tstyle=\"max-width: 260px\">\n\t\t\t\t[:cs]MIRO\u0160OV: LINIE, LAJNY, LINKY; 2013[:en]Mirosov - LINES, LINIES; 2013[:de]Die deutsche Version abgeschlossen\t\t\t<\/a>\n\t\t<\/h4>\n\t\t<p class=\"ngg-album-gallery-image-counter\">\n\t\t\t\t\t\t\t<strong>40<\/strong>&nbsp;Photos\t\t\t\t\t<\/p>\n\t<\/div>\n\n\t\n\t<div class=\"ngg-album-compact\">\n\t\t<div class=\"ngg-album-compactbox\">\n\t\t\t<div class=\"ngg-album-link\">\n\t\t\t\t\t\t\t\t\t<a class=\"Link\" href=\"http:\/\/videoculture.cz\/en\/vzdelavani\/vystavy\/album\/album-7\/mirosov-vystava-ts-vecernice-2012\">\n\t\t\t\t\t\t<img class=\"Thumb\"\n\t\t\t\t\t\t\talt=\"[:cs]MIRO\u0160OV: V\u00ddSTAVA TS VE\u010cERNICE, 2012[:en]Mirosov - exhibition of TS Ve\u010dernice (creative group Vesper), 2012[:de]MIROSOV: AUSSTELLUNG DER TS VE\u010cERNICE, 2012\"\n\t\t\t\t\t\t\tsrc=\"http:\/\/videoculture.cz\/wp-content\/gallery\/2012-vystava-fotografii-mirosov-2012\/cache\/marcela.jpg-nggid03723-ngg0dyn-240x160x90-00f0w010c011r110f110r010t010.jpg\"\/>\n\t\t\t\t\t<\/a>\n\t\t\t\t\t\t\t<\/div>\n\t\t<\/div>\n\t\t\t\t\t<h4>\n\t\t\t<a class=\"ngg-album-desc\"\n\t\t\t\ttitle=\"[:cs]MIRO\u0160OV: V\u00ddSTAVA TS VE\u010cERNICE, 2012[:en]Mirosov - exhibition of TS Ve\u010dernice (creative group Vesper), 2012[:de]MIROSOV: AUSSTELLUNG DER TS VE\u010cERNICE, 2012\"\n\t\t\t\thref=\"http:\/\/videoculture.cz\/en\/vzdelavani\/vystavy\/album\/album-7\/mirosov-vystava-ts-vecernice-2012\"\n\t\t\t\tstyle=\"max-width: 260px\">\n\t\t\t\t[:cs]MIRO\u0160OV: V\u00ddSTAVA TS VE\u010cERNICE, 2012[:en]Mirosov - exhibition of TS Ve\u010dernice (creative group Vesper), 2012[:de]MIROSOV: AUSSTELLUNG DER TS VE\u010cERNICE, 2012\t\t\t<\/a>\n\t\t<\/h4>\n\t\t<p class=\"ngg-album-gallery-image-counter\">\n\t\t\t\t\t\t\t<strong>44<\/strong>&nbsp;Photos\t\t\t\t\t<\/p>\n\t<\/div>\n\n\t\n\t<div class=\"ngg-album-compact\">\n\t\t<div class=\"ngg-album-compactbox\">\n\t\t\t<div class=\"ngg-album-link\">\n\t\t\t\t\t\t\t\t\t<a class=\"Link\" href=\"http:\/\/videoculture.cz\/en\/vzdelavani\/vystavy\/album\/album-7\/hostivice-u-prahy-vystava-ts-vecernice-2011\">\n\t\t\t\t\t\t<img class=\"Thumb\"\n\t\t\t\t\t\t\talt=\"[:cs]HOSTIVICE U PRAHY: V\u00ddSTAVA TS VE\u010cERNICE, 2011[:en]HOSTIVICE U PRAHY - exhibition of TS Ve\u010dernice (creative group Vesper), 2011[:de]HOSTIVICE U PRAHY: AUSSTELLUNG DER TS VE\u010cERNICE, 2011\"\n\t\t\t\t\t\t\tsrc=\"http:\/\/videoculture.cz\/wp-content\/gallery\/2011-vystava-fotografii-hostivice-u-prahy-2011\/cache\/6-_dkujeme.jpg-nggid03523-ngg0dyn-240x160x90-00f0w010c011r110f110r010t010.jpg\"\/>\n\t\t\t\t\t<\/a>\n\t\t\t\t\t\t\t<\/div>\n\t\t<\/div>\n\t\t\t\t\t<h4>\n\t\t\t<a class=\"ngg-album-desc\"\n\t\t\t\ttitle=\"[:cs]HOSTIVICE U PRAHY: V\u00ddSTAVA TS VE\u010cERNICE, 2011[:en]HOSTIVICE U PRAHY - exhibition of TS Ve\u010dernice (creative group Vesper), 2011[:de]HOSTIVICE U PRAHY: AUSSTELLUNG DER TS VE\u010cERNICE, 2011\"\n\t\t\t\thref=\"http:\/\/videoculture.cz\/en\/vzdelavani\/vystavy\/album\/album-7\/hostivice-u-prahy-vystava-ts-vecernice-2011\"\n\t\t\t\tstyle=\"max-width: 260px\">\n\t\t\t\t[:cs]HOSTIVICE U PRAHY: V\u00ddSTAVA TS VE\u010cERNICE, 2011[:en]HOSTIVICE U PRAHY - exhibition of TS Ve\u010dernice (creative group Vesper), 2011[:de]HOSTIVICE U PRAHY: AUSSTELLUNG DER TS VE\u010cERNICE, 2011\t\t\t<\/a>\n\t\t<\/h4>\n\t\t<p class=\"ngg-album-gallery-image-counter\">\n\t\t\t\t\t\t\t<strong>6<\/strong>&nbsp;Photos\t\t\t\t\t<\/p>\n\t<\/div>\n\n\t\n\t<div class=\"ngg-album-compact\">\n\t\t<div class=\"ngg-album-compactbox\">\n\t\t\t<div class=\"ngg-album-link\">\n\t\t\t\t\t\t\t\t\t<a class=\"Link\" href=\"http:\/\/videoculture.cz\/en\/vzdelavani\/vystavy\/album\/album-7\/mirosov-vystava-ts-vecernice-2011\">\n\t\t\t\t\t\t<img class=\"Thumb\"\n\t\t\t\t\t\t\talt=\"[:cs]MIRO\u0160OV: V\u00ddSTAVA TS VE\u010cERNICE, 2011[:en]Mirosov - exhibition of TS Ve\u010dernice (creative group Vesper), 2011[:de]MIROSOV: AUSSTELLUNG DER TS VE\u010cERNICE, 2011\"\n\t\t\t\t\t\t\tsrc=\"http:\/\/videoculture.cz\/wp-content\/gallery\/2011-vystava-mirosov\/cache\/svt_7.jpg-nggid03495-ngg0dyn-240x160x90-00f0w010c011r110f110r010t010.jpg\"\/>\n\t\t\t\t\t<\/a>\n\t\t\t\t\t\t\t<\/div>\n\t\t<\/div>\n\t\t\t\t\t<h4>\n\t\t\t<a class=\"ngg-album-desc\"\n\t\t\t\ttitle=\"[:cs]MIRO\u0160OV: V\u00ddSTAVA TS VE\u010cERNICE, 2011[:en]Mirosov - exhibition of TS Ve\u010dernice (creative group Vesper), 2011[:de]MIROSOV: AUSSTELLUNG DER TS VE\u010cERNICE, 2011\"\n\t\t\t\thref=\"http:\/\/videoculture.cz\/en\/vzdelavani\/vystavy\/album\/album-7\/mirosov-vystava-ts-vecernice-2011\"\n\t\t\t\tstyle=\"max-width: 260px\">\n\t\t\t\t[:cs]MIRO\u0160OV: V\u00ddSTAVA TS VE\u010cERNICE, 2011[:en]Mirosov - exhibition of TS Ve\u010dernice (creative group Vesper), 2011[:de]MIROSOV: AUSSTELLUNG DER TS VE\u010cERNICE, 2011\t\t\t<\/a>\n\t\t<\/h4>\n\t\t<p class=\"ngg-album-gallery-image-counter\">\n\t\t\t\t\t\t\t<strong>67<\/strong>&nbsp;Photos\t\t\t\t\t<\/p>\n\t<\/div>\n\n\t\n\t<div class=\"ngg-album-compact\">\n\t\t<div class=\"ngg-album-compactbox\">\n\t\t\t<div class=\"ngg-album-link\">\n\t\t\t\t\t\t\t\t\t<a class=\"Link\" href=\"http:\/\/videoculture.cz\/en\/vzdelavani\/vystavy\/album\/album-7\/mirosov-vystava-ts-vecernice-2010\">\n\t\t\t\t\t\t<img class=\"Thumb\"\n\t\t\t\t\t\t\talt=\"[:cs]MIRO\u0160OV: V\u00ddSTAVA TS VE\u010cERNICE, 2010[:en]Mirosov - exhibition of TS Ve\u010dernice (creative group Vesper), 2010[:de]MIROSOV: AUSSTELLUNG DER TS VE\u010cERNICE, 2010\"\n\t\t\t\t\t\t\tsrc=\"http:\/\/videoculture.cz\/wp-content\/gallery\/2010-mirosov-instalace-vystavy-a-bourani\/cache\/marcela3.jpg-nggid03331-ngg0dyn-240x160x90-00f0w010c011r110f110r010t010.jpg\"\/>\n\t\t\t\t\t<\/a>\n\t\t\t\t\t\t\t<\/div>\n\t\t<\/div>\n\t\t\t\t\t<h4>\n\t\t\t<a class=\"ngg-album-desc\"\n\t\t\t\ttitle=\"[:cs]MIRO\u0160OV: V\u00ddSTAVA TS VE\u010cERNICE, 2010[:en]Mirosov - exhibition of TS Ve\u010dernice (creative group Vesper), 2010[:de]MIROSOV: AUSSTELLUNG DER TS VE\u010cERNICE, 2010\"\n\t\t\t\thref=\"http:\/\/videoculture.cz\/en\/vzdelavani\/vystavy\/album\/album-7\/mirosov-vystava-ts-vecernice-2010\"\n\t\t\t\tstyle=\"max-width: 260px\">\n\t\t\t\t[:cs]MIRO\u0160OV: V\u00ddSTAVA TS VE\u010cERNICE, 2010[:en]Mirosov - exhibition of TS Ve\u010dernice (creative group Vesper), 2010[:de]MIROSOV: AUSSTELLUNG DER TS VE\u010cERNICE, 2010\t\t\t<\/a>\n\t\t<\/h4>\n\t\t<p class=\"ngg-album-gallery-image-counter\">\n\t\t\t\t\t\t\t<strong>20<\/strong>&nbsp;Photos\t\t\t\t\t<\/p>\n\t<\/div>\n\n\t\n\t<!-- Pagination -->\n\t<br class=\"ngg-clear\"\/>\n\t\t<div class='ngg-clear'><\/div><\/div>\n\n\t\n<p><\/p>","protected":false},"excerpt":{"rendered":"","protected":false},"author":1,"featured_media":0,"parent":39,"menu_order":78,"comment_status":"open","ping_status":"closed","template":"","meta":{"ngg_post_thumbnail":0,"footnotes":""},"_links":{"self":[{"href":"http:\/\/videoculture.cz\/en\/wp-json\/wp\/v2\/pages\/154"}],"collection":[{"href":"http:\/\/videoculture.cz\/en\/wp-json\/wp\/v2\/pages"}],"about":[{"href":"http:\/\/videoculture.cz\/en\/wp-json\/wp\/v2\/types\/page"}],"author":[{"embeddable":true,"href":"http:\/\/videoculture.cz\/en\/wp-json\/wp\/v2\/users\/1"}],"replies":[{"embeddable":true,"href":"http:\/\/videoculture.cz\/en\/wp-json\/wp\/v2\/comments?post=154"}],"version-history":[{"count":9,"href":"http:\/\/videoculture.cz\/en\/wp-json\/wp\/v2\/pages\/154\/revisions"}],"predecessor-version":[{"id":5827,"href":"http:\/\/videoculture.cz\/en\/wp-json\/wp\/v2\/pages\/154\/revisions\/5827"}],"up":[{"embeddable":true,"href":"http:\/\/videoculture.cz\/en\/wp-json\/wp\/v2\/pages\/39"}],"wp:attachment":[{"href":"http:\/\/videoculture.cz\/en\/wp-json\/wp\/v2\/media?parent=154"}],"curies":[{"name":"wp","href":"https:\/\/api.w.org\/{rel}","templated":true}]}}