{"id":65,"date":"2012-12-05T20:33:03","date_gmt":"2012-12-05T19:33:03","guid":{"rendered":"http:\/\/wp.videoculture.cz\/?page_id=65"},"modified":"2020-06-09T15:57:46","modified_gmt":"2020-06-09T13:57:46","slug":"valne","status":"publish","type":"page","link":"http:\/\/videoculture.cz\/de\/acv\/valne\/","title":{"rendered":"Vollversammlungen und Jahresberichte"},"content":{"rendered":"<table style=\"margin-left: auto; margin-right: auto;\">\n<tbody>\n<tr>\n<td style=\"width: 200px;\" align=\"center\" valign=\"middle\"><img loading=\"lazy\" decoding=\"async\" title=\"J. Hnilicov\u00e1\" src=\"http:\/\/wp.videoculture.cz\/wp-content\/uploads\/image1.gif\" alt=\"J. Hnilicov\u00e1\" width=\"85\" height=\"105\" \/><\/td>\n<td style=\"width: 200px;\" align=\"center\" valign=\"middle\"><img loading=\"lazy\" decoding=\"async\" style=\"display: block; margin-left: auto; margin-right: auto;\" title=\"E. Bendov\u00e1\" src=\"http:\/\/wp.videoculture.cz\/wp-content\/uploads\/image2_3.jpg\" alt=\"E. Bendov\u00e1\" width=\"90\" height=\"105\" \/><\/td>\n<td style=\"width: 200px;\" align=\"center\" valign=\"middle\"><img loading=\"lazy\" decoding=\"async\" title=\"R. Fil\u00edpek\" src=\"http:\/\/wp.videoculture.cz\/wp-content\/uploads\/image3.gif\" alt=\"R. Fil\u00edpek\" width=\"70\" height=\"105\" \/><\/td>\n<\/tr>\n<tr>\n<td style=\"text-align: center;\"><strong>Vorsitzende:<br \/><\/strong> <strong><span style=\"color: orange;\">Ing. Jana Hnilicov\u00e1<\/span><\/strong><\/td>\n<td style=\"text-align: center;\"><strong>Stellvertretende Vorsitzende:<\/strong> <br \/><strong><span style=\"color: orange;\">PhDr. Eva Bendov\u00e1<\/span><\/strong><\/td>\n<td style=\"text-align: center;\"><strong>Schatzmeister:<\/strong> <br \/><strong><span style=\"color: orange;\">Roman Fil\u00edpek<\/span><\/strong><\/td>\n<\/tr>\n<\/tbody>\n<\/table>\n<h3>\u00a0<\/h3>\n<h3>Im Amt bleiben:<\/h3>\n<ul>\n<li>PhDr. Jan Masek Ph.D. \/ Westb\u00f6hmische Universit\u00e4t in Pilsen \/ MedienBereich\u00a0<\/li>\n<li>PhDr. Jaroslava Zemkova PhD \/ P\u00e4dagogische Fakult\u00e4t der Karlsuniversit\u00e4t Prag \/ spezieller Bildungsbereich<\/li>\n<\/ul>","protected":false},"excerpt":{"rendered":"<p>Vorsitzende: Ing. Jana Hnilicov\u00e1 Stellvertretende Vorsitzende: PhDr. Eva Bendov\u00e1 Schatzmeister: Roman Fil\u00edpek \u00a0 Im Amt bleiben: PhDr. Jan Masek Ph.D. \/ Westb\u00f6hmische Universit\u00e4t in Pilsen \/ MedienBereich\u00a0 PhDr. Jaroslava Zemkova PhD \/ P\u00e4dagogische Fakult\u00e4t der Karlsuniversit\u00e4t Prag \/ spezieller Bildungsbereich<\/p>\n","protected":false},"author":1,"featured_media":0,"parent":37,"menu_order":91,"comment_status":"open","ping_status":"closed","template":"","meta":{"ngg_post_thumbnail":0,"footnotes":""},"_links":{"self":[{"href":"http:\/\/videoculture.cz\/de\/wp-json\/wp\/v2\/pages\/65"}],"collection":[{"href":"http:\/\/videoculture.cz\/de\/wp-json\/wp\/v2\/pages"}],"about":[{"href":"http:\/\/videoculture.cz\/de\/wp-json\/wp\/v2\/types\/page"}],"author":[{"embeddable":true,"href":"http:\/\/videoculture.cz\/de\/wp-json\/wp\/v2\/users\/1"}],"replies":[{"embeddable":true,"href":"http:\/\/videoculture.cz\/de\/wp-json\/wp\/v2\/comments?post=65"}],"version-history":[{"count":66,"href":"http:\/\/videoculture.cz\/de\/wp-json\/wp\/v2\/pages\/65\/revisions"}],"predecessor-version":[{"id":7907,"href":"http:\/\/videoculture.cz\/de\/wp-json\/wp\/v2\/pages\/65\/revisions\/7907"}],"up":[{"embeddable":true,"href":"http:\/\/videoculture.cz\/de\/wp-json\/wp\/v2\/pages\/37"}],"wp:attachment":[{"href":"http:\/\/videoculture.cz\/de\/wp-json\/wp\/v2\/media?parent=65"}],"curies":[{"name":"wp","href":"https:\/\/api.w.org\/{rel}","templated":true}]}}