{"id":5082,"date":"2014-11-22T11:48:47","date_gmt":"2014-11-22T10:48:47","guid":{"rendered":"http:\/\/videoculture.cz\/?page_id=5082"},"modified":"2018-11-18T11:33:57","modified_gmt":"2018-11-18T10:33:57","slug":"hodnoceni","status":"publish","type":"page","link":"http:\/\/videoculture.cz\/de\/fest\/hodnoceni\/","title":{"rendered":"(\u010ce\u0161tina) VideoCulture Fest 2018, hodnocen\u00ed poroty"},"content":{"rendered":"","protected":true},"excerpt":{"rendered":"","protected":true},"author":1,"featured_media":0,"parent":3641,"menu_order":14,"comment_status":"closed","ping_status":"closed","template":"full-width-page.php","meta":{"ngg_post_thumbnail":0,"footnotes":""},"_links":{"self":[{"href":"http:\/\/videoculture.cz\/de\/wp-json\/wp\/v2\/pages\/5082"}],"collection":[{"href":"http:\/\/videoculture.cz\/de\/wp-json\/wp\/v2\/pages"}],"about":[{"href":"http:\/\/videoculture.cz\/de\/wp-json\/wp\/v2\/types\/page"}],"author":[{"embeddable":true,"href":"http:\/\/videoculture.cz\/de\/wp-json\/wp\/v2\/users\/1"}],"replies":[{"embeddable":true,"href":"http:\/\/videoculture.cz\/de\/wp-json\/wp\/v2\/comments?post=5082"}],"version-history":[{"count":25,"href":"http:\/\/videoculture.cz\/de\/wp-json\/wp\/v2\/pages\/5082\/revisions"}],"predecessor-version":[{"id":5135,"href":"http:\/\/videoculture.cz\/de\/wp-json\/wp\/v2\/pages\/5082\/revisions\/5135"}],"up":[{"embeddable":true,"href":"http:\/\/videoculture.cz\/de\/wp-json\/wp\/v2\/pages\/3641"}],"wp:attachment":[{"href":"http:\/\/videoculture.cz\/de\/wp-json\/wp\/v2\/media?parent=5082"}],"curies":[{"name":"wp","href":"https:\/\/api.w.org\/{rel}","templated":true}]}}