{"id":39,"date":"2012-12-05T20:21:57","date_gmt":"2012-12-05T19:21:57","guid":{"rendered":"http:\/\/wp.videoculture.cz\/?page_id=39"},"modified":"2017-04-29T18:00:22","modified_gmt":"2017-04-29T16:00:22","slug":"vzdelavani","status":"publish","type":"page","link":"http:\/\/videoculture.cz\/de\/vzdelavani\/","title":{"rendered":"Bildung"},"content":{"rendered":"<div class=\"su-button-center\"><a href=\"http:\/\/videoculture.cz\/wp-content\/uploads\/celozivotni-vzdelavani-clanek.pdf\" class=\"su-button su-button-style-flat\" style=\"color:#FFFFFF;background-color:#28384b;border-color:#202d3c;border-radius:0px;-moz-border-radius:0px;-webkit-border-radius:0px\" target=\"_self\"><span style=\"color:#FFFFFF;padding:6px 18px;font-size:14px;line-height:21px;border-color:#697481;border-radius:0px;-moz-border-radius:0px;-webkit-border-radius:0px;text-shadow:0px 0px 0px #e35a00;-moz-text-shadow:0px 0px 0px #e35a00;-webkit-text-shadow:0px 0px 0px #e35a00\"><i class=\"sui sui-arrow-down\" style=\"font-size:14px;color:#FFFFFF\"><\/i> PDF soubor<small style=\"padding-bottom:6px;color:#FFFFFF\">Celo\u017eivotn\u00ed vzd\u011bl\u00e1v\u00e1n\u00ed osob s ment\u00e1ln\u00edm posti\u017een\u00edm<\/small><\/span><\/a><\/div>\n<p>&#8222;Seit mehreren Jahren werde ich von dem gro\u00dfen kreativen Potential der jungen Menschen fasziniert, den sie bei der Erstellung verschiedener Filmgeschichten zeigen. Neben den Jugendlichen, die vor allem von der Phantasie getrieben werden, ist nicht weniger interessant diejenigen zu beobachten, die die Ideen ihrer Kollegen umsetzen jedoch mit dem kreativen Einsatz der modernen Technologie. In dieser seltenen Symbiose von Zeit, Ideen, Technologien und Menschen ist f\u00fcr mich die Zusammenarbeit mit ihnen ein au\u00dfergew\u00f6hnliches und unvergessliches Erlebnis.&#8220;<em><br \/>\nIng. Jana Hnilicov\u00e1\u00a0<\/em><\/p>\n<p>Im Jahr 1999 schrieb Vojtech Jasny:<em><br \/>\n&#8222;Im Video sehe ich neue M\u00f6glichkeiten der Entwicklung der Kindertalente f\u00fcr die Kinematografie und auch die M\u00f6glichkeit des empfindlichen und hochwertigen Amateurfilmens. Wie einst Gedichte von Beamten und Offizieren geschrieben wurden, werden heute von verschiedenen Menschen verschiedene Filmgenres ausprobiert. Wie viele gute Musiker gab es fr\u00fcher bei uns in jedem Dorf! Und was f\u00fcr welche! &#8211; Und doch waren sie Schneider, Sattler, Bauern, Arbeiter, \u00c4rzte&#8230; Je mehr es Amateurfilmemacher gibt, desto besser f\u00fcr die Entwicklung der Kinematografie.<br \/>\nEin junger Filmemacher braucht f\u00fcr seine Entwicklung vor allem eine st\u00e4ndige und aufmerksame F\u00fchrung und Beratung.&#8220;\u00a0<\/em><\/p>\n<\/p>\n<div class=\"su-button-center\"><a href=\"http:\/\/videoculture.cz\/wp-content\/uploads\/celozivotni-vzdelavani-clanek.pdf\" class=\"su-button su-button-style-flat\" style=\"color:#FFFFFF;background-color:#28384b;border-color:#202d3c;border-radius:0px;-moz-border-radius:0px;-webkit-border-radius:0px\" target=\"_self\"><span style=\"color:#FFFFFF;padding:6px 18px;font-size:14px;line-height:21px;border-color:#697481;border-radius:0px;-moz-border-radius:0px;-webkit-border-radius:0px;text-shadow:0px 0px 0px #e35a00;-moz-text-shadow:0px 0px 0px #e35a00;-webkit-text-shadow:0px 0px 0px #e35a00\"><i class=\"sui sui-arrow-down\" style=\"font-size:14px;color:#FFFFFF\"><\/i> PDF soubor<small style=\"padding-bottom:6px;color:#FFFFFF\">Celo\u017eivotn\u00ed vzd\u011bl\u00e1v\u00e1n\u00ed osob s ment\u00e1ln\u00edm posti\u017een\u00edm<\/small><\/span><\/a><\/div>\n<\/p>","protected":false},"excerpt":{"rendered":"<p>&#8222;Seit mehreren Jahren werde ich von dem gro\u00dfen kreativen Potential der jungen Menschen fasziniert, den sie bei der Erstellung verschiedener Filmgeschichten zeigen. Neben den Jugendlichen, die vor allem von der Phantasie getrieben werden, ist nicht weniger interessant diejenigen zu beobachten, &hellip; <a href=\"http:\/\/videoculture.cz\/de\/vzdelavani\/\">Zobrazit <span class=\"meta-nav\">&rarr;<\/span><\/a><\/p>\n","protected":false},"author":1,"featured_media":0,"parent":0,"menu_order":3,"comment_status":"open","ping_status":"closed","template":"","meta":{"ngg_post_thumbnail":0,"footnotes":""},"_links":{"self":[{"href":"http:\/\/videoculture.cz\/de\/wp-json\/wp\/v2\/pages\/39"}],"collection":[{"href":"http:\/\/videoculture.cz\/de\/wp-json\/wp\/v2\/pages"}],"about":[{"href":"http:\/\/videoculture.cz\/de\/wp-json\/wp\/v2\/types\/page"}],"author":[{"embeddable":true,"href":"http:\/\/videoculture.cz\/de\/wp-json\/wp\/v2\/users\/1"}],"replies":[{"embeddable":true,"href":"http:\/\/videoculture.cz\/de\/wp-json\/wp\/v2\/comments?post=39"}],"version-history":[{"count":65,"href":"http:\/\/videoculture.cz\/de\/wp-json\/wp\/v2\/pages\/39\/revisions"}],"predecessor-version":[{"id":6767,"href":"http:\/\/videoculture.cz\/de\/wp-json\/wp\/v2\/pages\/39\/revisions\/6767"}],"wp:attachment":[{"href":"http:\/\/videoculture.cz\/de\/wp-json\/wp\/v2\/media?parent=39"}],"curies":[{"name":"wp","href":"https:\/\/api.w.org\/{rel}","templated":true}]}}