{"id":37,"date":"2012-12-05T20:21:46","date_gmt":"2012-12-05T19:21:46","guid":{"rendered":"http:\/\/wp.videoculture.cz\/?page_id=37"},"modified":"2014-08-08T10:26:10","modified_gmt":"2014-08-08T08:26:10","slug":"acv","status":"publish","type":"page","link":"http:\/\/videoculture.cz\/de\/acv\/","title":{"rendered":"A\u010cV MEDIALOG"},"content":{"rendered":"<p><\/p>\n<p>Sie befinden sich auf der Website des Vereins Assoziation der tschechischen Videokultur MEDIALOG. Unser Verein m\u00f6chte das Verbindungsglied zwischen den einzelnen Autoren, Autorengruppen, Schulklubs und der \u00d6ffentlichkeit sein, insbesondere im Bereich der Videoproduktion. Wir unterst\u00fctzen den Erfahrungsaustausch im Bereich der audiovisuellen Produktion, Zusch\u00fcsse, Organisation verschiedener Festivals und vieles mehr. Die Idee f\u00fcr die Vereinsgr\u00fcndung entstand vor einigen Jahren. Die Grundlage war Erkenntnis, dass es keine Informationen gibt. &#8222;Wie kann man ein Video f\u00fcr die breite \u00d6ffentlichkeit und auch f\u00fcr Kinder drehen und was soll man mit dem Endergebnis tun?<\/p>\n<p style=\"text-align: center;\">&#8222;T\u00f6ten wir den Tr\u00e4umer und schauen, was mit seinen Tr\u00e4umen passiert!&#8220;<\/p>\n<p style=\"text-align: right;\">M.L. King<\/p>\n<p>Wir vereinigen alle Leute, die lebenslustig und klug sind (etwas unter dem Hut haben).<\/p>\n<p style=\"text-align: center;\"><img loading=\"lazy\" decoding=\"async\" class=\"size-full wp-image-435 aligncenter\" title=\"klobouky\" alt=\"\" src=\"http:\/\/wp.videoculture.cz\/wp-content\/uploads\/1.jpg\" width=\"604\" height=\"68\" srcset=\"http:\/\/videoculture.cz\/wp-content\/uploads\/1.jpg 604w, http:\/\/videoculture.cz\/wp-content\/uploads\/1-10x1.jpg 10w, http:\/\/videoculture.cz\/wp-content\/uploads\/1-300x33.jpg 300w\" sizes=\"(max-width: 604px) 100vw, 604px\" \/><\/p>\n<p>&nbsp;<\/p>\n<p><\/p>","protected":false},"excerpt":{"rendered":"<p>Sie befinden sich auf der Website des Vereins Assoziation der tschechischen Videokultur MEDIALOG. Unser Verein m\u00f6chte das Verbindungsglied zwischen den einzelnen Autoren, Autorengruppen, Schulklubs und der \u00d6ffentlichkeit sein, insbesondere im Bereich der Videoproduktion. Wir unterst\u00fctzen den Erfahrungsaustausch im Bereich der &hellip; <a href=\"http:\/\/videoculture.cz\/de\/acv\/\">Zobrazit <span class=\"meta-nav\">&rarr;<\/span><\/a><\/p>\n","protected":false},"author":1,"featured_media":0,"parent":0,"menu_order":2,"comment_status":"open","ping_status":"closed","template":"","meta":{"ngg_post_thumbnail":0,"footnotes":""},"_links":{"self":[{"href":"http:\/\/videoculture.cz\/de\/wp-json\/wp\/v2\/pages\/37"}],"collection":[{"href":"http:\/\/videoculture.cz\/de\/wp-json\/wp\/v2\/pages"}],"about":[{"href":"http:\/\/videoculture.cz\/de\/wp-json\/wp\/v2\/types\/page"}],"author":[{"embeddable":true,"href":"http:\/\/videoculture.cz\/de\/wp-json\/wp\/v2\/users\/1"}],"replies":[{"embeddable":true,"href":"http:\/\/videoculture.cz\/de\/wp-json\/wp\/v2\/comments?post=37"}],"version-history":[{"count":5,"href":"http:\/\/videoculture.cz\/de\/wp-json\/wp\/v2\/pages\/37\/revisions"}],"predecessor-version":[{"id":3534,"href":"http:\/\/videoculture.cz\/de\/wp-json\/wp\/v2\/pages\/37\/revisions\/3534"}],"wp:attachment":[{"href":"http:\/\/videoculture.cz\/de\/wp-json\/wp\/v2\/media?parent=37"}],"curies":[{"name":"wp","href":"https:\/\/api.w.org\/{rel}","templated":true}]}}