{"id":2026,"date":"2013-02-24T14:32:38","date_gmt":"2013-02-24T13:32:38","guid":{"rendered":"http:\/\/videoculture.cz\/?page_id=2026"},"modified":"2014-08-08T10:34:09","modified_gmt":"2014-08-08T08:34:09","slug":"bytmlad","status":"publish","type":"page","link":"http:\/\/videoculture.cz\/de\/bytmlad\/","title":{"rendered":"Projekt B\u00fdt ml\u00e1d &#8211; Jung zu sein"},"content":{"rendered":"<p><a href=\"http:\/\/videoculture.cz\/wp-content\/uploads\/banner2.jpg\"><img loading=\"lazy\" decoding=\"async\" class=\"aligncenter size-full wp-image-2030\" alt=\"banner2\" src=\"http:\/\/videoculture.cz\/wp-content\/uploads\/banner2.jpg\" width=\"623\" height=\"122\" srcset=\"http:\/\/videoculture.cz\/wp-content\/uploads\/banner2.jpg 623w, http:\/\/videoculture.cz\/wp-content\/uploads\/banner2-10x2.jpg 10w, http:\/\/videoculture.cz\/wp-content\/uploads\/banner2-300x58.jpg 300w, http:\/\/videoculture.cz\/wp-content\/uploads\/banner2-614x120.jpg 614w\" sizes=\"(max-width: 623px) 100vw, 623px\" \/><\/a><\/p>\n<p>\u201eJung zu sein\u201c \u2013 \u201eB\u00fdt ml\u00e1d\u201c\u00a0 ist ein Projekt, in dem junge Menschen unterschiedliches Alters, Umfelds und der Muttersprache zusammenarbeiten. Es verbindet sie ihr Ziel, ihre eigenen F\u00e4higkeiten und Fertigkeiten kennenzulernen durch aktive Medienarbeit, wie z.B. Filmdreh oder Fotografieren, unabh\u00e4ngig davon, aus welchem\u00a0 lokalen kulturellen Umfeld sie kommen. Schwerpunkt des Projekts liegt darin, den jungen Menschen zu zeigen und beizubringen, ihre Freizeit mit der Schule zu koordinieren, planenn lernen und die Zeit, die sie zur Verf\u00fcgung haben, effektiv und kreativ zu nutzen. Durch die gewonnenen Erfahrungen k\u00f6nnen sie zu der alternativen Bildung beitragen, die vor allem in der Tschechischen Republik noch fehlt (au\u00dferschulische Bildung, aktives Lernen durch aktive Arbeit). Durch die Teilnnahme am Projekt haben sie unter anderem M\u00f6glichkeit der \u00d6ffentlichkeit und der Familie zu zeigen, dass sie Medien nicht nur passiv konsumieren (nicht nur am PC sitzen), sondern sie auch aktiv nutzen k\u00f6nnen und mit ihrer Hiilfe ihre Gedanken und Meinungen ausdr\u00fccken k\u00f6nnen.<\/p>\n<h3>Aus diesem Grund ist das Projekt in 3 Teile gegliedert:<\/h3>\n<p>\u2022 Erstellen drei verschiedener Medienprodukte zu einem bestimmten Thema<br \/>\n\u2022 Organisation von Workshop, kulturellen Aktivit\u00e4ten mit Pr\u00e4sentationen<br \/>\n\u2022 Kontinuierliche Einbindung junger benachteiligten Menschen in Projektaktivit\u00e4ten<\/p>\n<p>Veranstaltungsorte in Prag, Stribro, T1 \u2013 also in der Tschechischen Republik und in der BRD, Dauer: 365 Tage. Direkt daran beteiligt werden 20 Teilnehmer, indirekt &#8211; durch geplante kulturelle Aktivit\u00e4ten wird die Zahl aber viel gr\u00f6\u00dfer.<\/p>\n<p><strong>Das Team Projekt aus Tschechien \/ Prag<br \/>\n<\/strong>PhDr. Eva Bendov\u00e1<br \/>\nRoman Fil\u00edpek<br \/>\nIng. Jana Hnilicov\u00e1<\/p>\n<hr \/>\n<p>1. &#8211; 3. 8. 2012 &#8211;\u00a0im Rahmen des Projekts fand in Deutschland der internationale\u00a0Filmworkshop statt. W\u00e4hrend des Workshops drehte ein deutscher regionaler Fernsehsender\u00a0einen Beitrag von 100 Sek.<\/p>\n<ul>\n<li><a href=\"http:\/\/www.oberpfalz.tv\/100-sekunden\/100-sekunden-vom-03_08_2012.html\" target=\"_blank\">Oberpfalz TV, 100 Sekunden<\/a><\/li>\n<\/ul>\n<h3><\/h3>\n<h3>PDF-Dateien zum Download:<\/h3>\n<ul>\n<li><span style=\"line-height: 13px;\"><a href=\"http:\/\/videoculture.cz\/wp-content\/uploads\/bytmlad_info_de.pdf\" target=\"_blank\">Grundlegende Informationen<\/a><br \/>\n<\/span><\/li>\n<li><a href=\"http:\/\/videoculture.cz\/wp-content\/uploads\/bytmlad_harmonogram_de.pdf\" target=\"_blank\">Das harmonogram<\/a><\/li>\n<li><a href=\"http:\/\/videoculture.cz\/wp-content\/uploads\/bytmlad_workshop_program.pdf\" target=\"_blank\">Workshop-Programm<\/a><\/li>\n<li><a href=\"http:\/\/videoculture.cz\/wp-content\/uploads\/mirosov12_pozvanka_de.pdf\" target=\"_blank\">Fotoausstellung<\/a><\/li>\n<li><a href=\"http:\/\/videoculture.cz\/wp-content\/uploads\/fotoworkshop_konstant.pdf\">Bericht vom Foto-Workshop<\/a><\/li>\n<li><a href=\"http:\/\/videoculture.cz\/wp-content\/uploads\/bytmlad_nemeckenoviny.pdf\" target=\"_blank\">Schrieb \u00fcber uns<\/a><\/li>\n<li><a href=\"http:\/\/videoculture.cz\/wp-content\/uploads\/bytmlad_konference_de.pdf\">Prag konferenz (M. \u0160vihovec, TS Ve\u010dernice)<\/a><\/li>\n<li><a href=\"http:\/\/videoculture.cz\/wp-content\/uploads\/bytmlad_konference_jedlicka_de.pdf\" target=\"_blank\">Prag konferenz (J. Jedli\u010dka, TS Ve\u010dernice)<\/a><\/li>\n<li><a href=\"http:\/\/videoculture.cz\/wp-content\/uploads\/bytmlad_konference_man_de.pdf\" target=\"_blank\">Prag konferenz (P. Mann, TS Ve\u010dernice)<\/a><\/li>\n<li><a href=\"http:\/\/videoculture.cz\/wp-content\/uploads\/bytmlad_zprava_de.pdf\">Abschlussbericht<\/a><\/li>\n<\/ul>\n<h3>Projekt fotogalerien:<\/h3>\n<table border=\"0\" cellspacing=\"20\">\n<tbody>\n<tr>\n<td align=\"center\" valign=\"top\"><a title=\"Fotogalerie 2012  Projekt B\u00fdt ml\u00e1d \u2013 Jung zu sein\" href=\"http:\/\/videoculture.cz\/fotogalerie\/fotogalerie-2012\/byt-mlad\/\"><img loading=\"lazy\" decoding=\"async\" alt=\"Galerie\" src=\"http:\/\/videoculture.cz\/wp-content\/uploads\/img.png\" width=\"70\" height=\"65\" \/><br \/>\nJung zu sein<\/a><\/td>\n<td align=\"center\" valign=\"top\"><a title=\"Fotogalerie 2012  Mezin\u00e1rodn\u00ed filmov\u00fd workshop Bavorsko, B\u00fdt ml\u00e1d\" href=\"http:\/\/videoculture.cz\/de\/fotogalerie\/fotogalerie-2012\/mezinarodni-workshop\/\"><img loading=\"lazy\" decoding=\"async\" alt=\"Galerie\" src=\"http:\/\/videoculture.cz\/wp-content\/uploads\/img.png\" width=\"70\" height=\"65\" \/><br \/>\nInternationaler Filmworkshop<\/a><\/td>\n<td align=\"center\" valign=\"top\"><a href=\"http:\/\/videoculture.cz\/de\/fotogalerie\/fotogalerie-2012\/obycejny-pribeh-cloveka\/\"><img loading=\"lazy\" decoding=\"async\" alt=\"Galerie\" src=\"http:\/\/videoculture.cz\/wp-content\/uploads\/img.png\" width=\"70\" height=\"65\" \/><br \/>\nEine gew\u00f6hnliche\u00a0Geschichte eines Menschen<\/a><\/td>\n<td align=\"center\" valign=\"top\"><a title=\"Fotogalerie 2013  Konference TS Ve\u010dernice \u2013 PedF UK Praha\" href=\"http:\/\/videoculture.cz\/de\/fotogalerie\/fotogalerie-2013\/konference-ts-vecernice\/\"><img loading=\"lazy\" decoding=\"async\" alt=\"Galerie\" src=\"http:\/\/videoculture.cz\/wp-content\/uploads\/img.png\" width=\"70\" height=\"65\" \/><br \/>\nKonferenz Prag<\/a><\/td>\n<td align=\"center\" valign=\"top\"><a href=\"http:\/\/videoculture.cz\/de\/fotogalerie\/fotogalerie-2013\/z-nataceni\/\"><img loading=\"lazy\" decoding=\"async\" alt=\"Galerie\" src=\"http:\/\/videoculture.cz\/wp-content\/uploads\/img.png\" width=\"70\" height=\"65\" \/><br \/>\nAus drehen \/ die Gruppe Tirschenreuth<\/a><a title=\"Fotogalerie 2013  Z nat\u00e1\u010den\u00ed \/ skupina Tirschenreuth\" href=\"http:\/\/videoculture.cz\/fotogalerie\/fotogalerie-2013\/z-nataceni\/\"><br \/>\n<\/a><\/td>\n<\/tr>\n<\/tbody>\n<\/table>\n<p><\/p>","protected":false},"excerpt":{"rendered":"<p>\u201eJung zu sein\u201c \u2013 \u201eB\u00fdt ml\u00e1d\u201c\u00a0 ist ein Projekt, in dem junge Menschen unterschiedliches Alters, Umfelds und der Muttersprache zusammenarbeiten. Es verbindet sie ihr Ziel, ihre eigenen F\u00e4higkeiten und Fertigkeiten kennenzulernen durch aktive Medienarbeit, wie z.B. Filmdreh oder Fotografieren, unabh\u00e4ngig &hellip; <a href=\"http:\/\/videoculture.cz\/de\/bytmlad\/\">Zobrazit <span class=\"meta-nav\">&rarr;<\/span><\/a><\/p>\n","protected":false},"author":1,"featured_media":0,"parent":0,"menu_order":30,"comment_status":"closed","ping_status":"closed","template":"full-width-page.php","meta":{"ngg_post_thumbnail":0,"footnotes":""},"_links":{"self":[{"href":"http:\/\/videoculture.cz\/de\/wp-json\/wp\/v2\/pages\/2026"}],"collection":[{"href":"http:\/\/videoculture.cz\/de\/wp-json\/wp\/v2\/pages"}],"about":[{"href":"http:\/\/videoculture.cz\/de\/wp-json\/wp\/v2\/types\/page"}],"author":[{"embeddable":true,"href":"http:\/\/videoculture.cz\/de\/wp-json\/wp\/v2\/users\/1"}],"replies":[{"embeddable":true,"href":"http:\/\/videoculture.cz\/de\/wp-json\/wp\/v2\/comments?post=2026"}],"version-history":[{"count":17,"href":"http:\/\/videoculture.cz\/de\/wp-json\/wp\/v2\/pages\/2026\/revisions"}],"predecessor-version":[{"id":4630,"href":"http:\/\/videoculture.cz\/de\/wp-json\/wp\/v2\/pages\/2026\/revisions\/4630"}],"wp:attachment":[{"href":"http:\/\/videoculture.cz\/de\/wp-json\/wp\/v2\/media?parent=2026"}],"curies":[{"name":"wp","href":"https:\/\/api.w.org\/{rel}","templated":true}]}}