{"id":148,"date":"2012-12-06T12:34:42","date_gmt":"2012-12-06T11:34:42","guid":{"rendered":"http:\/\/wp.videoculture.cz\/?page_id=148"},"modified":"2016-02-02T17:05:08","modified_gmt":"2016-02-02T16:05:08","slug":"ts-vecernice","status":"publish","type":"page","link":"http:\/\/videoculture.cz\/de\/vzdelavani\/ts-vecernice\/","title":{"rendered":"TS Ve\u010dernice"},"content":{"rendered":"<p><\/p>\n<p><p>Ve\u010dernice ist eine ganz au\u00dfergew\u00f6hnliche Gruppe. Es handelt sich um Autoren mit einer geistigen Behinderung. Dies schlie\u00dft sie jedoch nicht aus der normalen Ausbildung in den Bereichen Film und Fotografie aus.<\/p>\n<table border=\"0\" align=\"center\">\n<tbody>\n<tr align=\"center\">\n<td align=\"center\"><a href=\"http:\/\/videoculture.cz\/de\/fotogalerie\/fotogalerie-2011\/tajemstvi-truhlice\/\"><img loading=\"lazy\" decoding=\"async\" title=\"Galerie\" alt=\"\" src=\"http:\/\/videoculture.cz\/wp-content\/uploads\/img.png\" width=\"70\" height=\"65\" \/><br \/>\nFotogalerien &#8211; Tajemstv\u00ed truhlice<\/a><\/td>\n<\/tr>\n<\/tbody>\n<\/table>\n<p><\/p>","protected":false},"excerpt":{"rendered":"<p>Ve\u010dernice ist eine ganz au\u00dfergew\u00f6hnliche Gruppe. Es handelt sich um Autoren mit einer geistigen Behinderung. Dies schlie\u00dft sie jedoch nicht aus der normalen Ausbildung in den Bereichen Film und Fotografie aus. Fotogalerien &#8211; Tajemstv\u00ed truhlice<\/p>\n","protected":false},"author":1,"featured_media":0,"parent":39,"menu_order":81,"comment_status":"open","ping_status":"closed","template":"","meta":{"ngg_post_thumbnail":0,"footnotes":""},"_links":{"self":[{"href":"http:\/\/videoculture.cz\/de\/wp-json\/wp\/v2\/pages\/148"}],"collection":[{"href":"http:\/\/videoculture.cz\/de\/wp-json\/wp\/v2\/pages"}],"about":[{"href":"http:\/\/videoculture.cz\/de\/wp-json\/wp\/v2\/types\/page"}],"author":[{"embeddable":true,"href":"http:\/\/videoculture.cz\/de\/wp-json\/wp\/v2\/users\/1"}],"replies":[{"embeddable":true,"href":"http:\/\/videoculture.cz\/de\/wp-json\/wp\/v2\/comments?post=148"}],"version-history":[{"count":57,"href":"http:\/\/videoculture.cz\/de\/wp-json\/wp\/v2\/pages\/148\/revisions"}],"predecessor-version":[{"id":6105,"href":"http:\/\/videoculture.cz\/de\/wp-json\/wp\/v2\/pages\/148\/revisions\/6105"}],"up":[{"embeddable":true,"href":"http:\/\/videoculture.cz\/de\/wp-json\/wp\/v2\/pages\/39"}],"wp:attachment":[{"href":"http:\/\/videoculture.cz\/de\/wp-json\/wp\/v2\/media?parent=148"}],"curies":[{"name":"wp","href":"https:\/\/api.w.org\/{rel}","templated":true}]}}