{"id":108,"date":"2012-12-06T10:41:31","date_gmt":"2012-12-06T09:41:31","guid":{"rendered":"http:\/\/wp.videoculture.cz\/?page_id=108"},"modified":"2020-03-22T09:14:15","modified_gmt":"2020-03-22T08:14:15","slug":"historie","status":"publish","type":"page","link":"http:\/\/videoculture.cz\/de\/acv\/historie\/","title":{"rendered":"Historie"},"content":{"rendered":"Unser Dank geht an alle, die uns geholfen haben und versuchten unsere Idee bis zum Jahr 2006 zu tragen. Es ist nicht wichtig, dass jemand kam und nach dem Filmdreh wieder ging. Hauptsache ist, dass er war&#8230;<\/p>\n<p><img loading=\"lazy\" decoding=\"async\" class=\"aligncenter\" title=\"zakladatele\" src=\"http:\/\/videoculture.cz\/wp-content\/uploads\/zakladatele.jpg\" alt=\"\" width=\"452\" height=\"81\" \/><\/p>\n<h3 style=\"text-align: left;\">Die wichtigsten Bausteine in unserer T\u00e4tigkeit von 1999 &#8211; 2009:<\/h3>\n<ul>\n<li>Gold Preis Albert 2000 f\u00fcr das Projekt VideoCulture Film\u00a0<strong>Skladatelova inspirace<\/strong>\u00a0\u2013 verliehen von Prof. Knizak (AVU)<\/li>\n<li>Schola Pragensis 2001, 2002 &#8211; \u00f6ffentliche Pr\u00e4sentation unserer Filme f\u00fcr Grund- und Mittelschulen<\/li>\n<li>Silber Preis Albert auf dem Videofestival 2002 f\u00fcr die Filmesammlung \u00fcber Menschen mit geistiger Behinderung<\/li>\n<li>Projekt im Jahr 2003 in der Tschechischen Republik &#8211;\u00a0<strong>IMAGO MUNDI \/ OBRAZY SV\u011aTA<\/strong>\u00a0&#8211; eine \u00f6ffentliche Projektion unserer Filme in der Heimat und im Ausland. Der am besten gef\u00fchrte und eingef\u00fchrte Projekt in Tschechien.<\/li>\n<li>Den Zuschauerpreis auf dem Junior-Festival in Dvur Kralove nad Labem \/Film\u00a0<strong>Mezi dv\u011bma sv\u011bty<\/strong><\/li>\n<li>Internationale Konferenz 2003\/Lebenslange Bildung von Menschen mit geistiger Behinderung \/ Film\u00a0<strong>Str\u00e1\u017eci vesm\u00edru<\/strong>\u00a0mit Kommentaren der benachteiligten Autoren<\/li>\n<li>Der erste Preis \/ Kamera, Drehbuch auf dem Filmfestival Zahrada 2004 \/Film\u00a0<strong>Mezi dv\u011bma sv\u011bt<\/strong><strong>y<\/strong><\/li>\n<li>Frankfurt am Main Visionale 2002 \/ Filme\u00a0<strong>Soud, Br\u00fdle v hrnci<\/strong><\/li>\n<li>Frankfurt am Main Visionale 2003; 1. Preis \/ Film\u00a0<strong>Vlastn\u00ed tempo<\/strong><\/li>\n<li>Cannes Festival 2004; im Rahmenprogramm Vorf\u00fchrung des Films in der franz\u00f6sichen Version<strong>Tajupln\u00e1 podkova<\/strong><\/li>\n<li>Festival in Saarbr\u00fccken, Deutschland 2004, englische Version des Films\u00a0<strong>Tajupln\u00e1 podkova<\/strong><\/li>\n<li>Teilnahme am Projekt CHICAM Ludwigsburg, Deutschland 2004; englische Version des Films\u00a0<strong>Tajupln\u00e1 podkova<\/strong><\/li>\n<li>Ersten Auszeichnungen \u010cesk\u00fd lv\u00ed\u010dek 2005 und 2006 in der Kategorie der schulischen Arbeit \/<strong>Tajupln\u00e1 podkova, Vlastn\u00ed tempo<\/strong><\/li>\n<\/ul>","protected":false},"excerpt":{"rendered":"<p>Unser Dank geht an alle, die uns geholfen haben und versuchten unsere Idee bis zum Jahr 2006 zu tragen. Es ist nicht wichtig, dass jemand kam und nach dem Filmdreh wieder ging. Hauptsache ist, dass er war&#8230; Die wichtigsten Bausteine &hellip; <a href=\"http:\/\/videoculture.cz\/de\/acv\/historie\/\">Zobrazit <span class=\"meta-nav\">&rarr;<\/span><\/a><\/p>\n","protected":false},"author":1,"featured_media":0,"parent":37,"menu_order":83,"comment_status":"open","ping_status":"closed","template":"","meta":{"ngg_post_thumbnail":0,"footnotes":""},"_links":{"self":[{"href":"http:\/\/videoculture.cz\/de\/wp-json\/wp\/v2\/pages\/108"}],"collection":[{"href":"http:\/\/videoculture.cz\/de\/wp-json\/wp\/v2\/pages"}],"about":[{"href":"http:\/\/videoculture.cz\/de\/wp-json\/wp\/v2\/types\/page"}],"author":[{"embeddable":true,"href":"http:\/\/videoculture.cz\/de\/wp-json\/wp\/v2\/users\/1"}],"replies":[{"embeddable":true,"href":"http:\/\/videoculture.cz\/de\/wp-json\/wp\/v2\/comments?post=108"}],"version-history":[{"count":15,"href":"http:\/\/videoculture.cz\/de\/wp-json\/wp\/v2\/pages\/108\/revisions"}],"predecessor-version":[{"id":7847,"href":"http:\/\/videoculture.cz\/de\/wp-json\/wp\/v2\/pages\/108\/revisions\/7847"}],"up":[{"embeddable":true,"href":"http:\/\/videoculture.cz\/de\/wp-json\/wp\/v2\/pages\/37"}],"wp:attachment":[{"href":"http:\/\/videoculture.cz\/de\/wp-json\/wp\/v2\/media?parent=108"}],"curies":[{"name":"wp","href":"https:\/\/api.w.org\/{rel}","templated":true}]}}