{"id":102,"date":"2012-12-06T10:41:00","date_gmt":"2012-12-06T09:41:00","guid":{"rendered":"http:\/\/wp.videoculture.cz\/?page_id=102"},"modified":"2017-03-16T20:06:34","modified_gmt":"2017-03-16T19:06:34","slug":"zazemi","status":"publish","type":"page","link":"http:\/\/videoculture.cz\/de\/acv\/zazemi\/","title":{"rendered":"Hinterland"},"content":{"rendered":"<p>Die Filmemacher ben\u00f6tigen f\u00fcr ihre Arbeit R\u00e4umligkeiten und technische Ausr\u00fcstung, die A\u010cV MEDIALOG seinen Mitgliedern aber auch Nicht-Mitgliedern (Mitgliedschaft ist nicht erforderlich) bietet. Der Verein besitzt zwei ausgestattete Studios, die immer weiter ausger\u00fcstet werden und wir versuchen sie an die Bed\u00fcrfnisse der Nutzer stets anzupassen. Wir arbeiten nur mit Lizenzsoftware. Wir verf\u00fcgen \u00fcber alles N\u00f6tige f\u00fcr die Audio- und Videoarbeit. Ein integraler Bestandteil ist auch unser Archiv der Videoproduktion, der immer weiter w\u00e4chst.<br \/>Im Studio wird kreativ, sowie p\u00e4dagogisch gearbeitet. Hier wird der gr\u00f6\u00dfte Teil der Produktionen realisiert und hier finden auch die Schulungen statt..<br \/>Es werden oft auch Exterieure genutzt, der Hauptteil findet jedoch in unserem Studio statt.<\/p>\n<h3>Wo finden Sie uns:<\/h3>\n<p>Das Studio befindet sich im Vereinsgeb\u00e4ude Svatoslavova, Svatoslavova 4, Prag 4 &#8211; Nusle.\u00a0<\/p>","protected":false},"excerpt":{"rendered":"<p>Die Filmemacher ben\u00f6tigen f\u00fcr ihre Arbeit R\u00e4umligkeiten und technische Ausr\u00fcstung, die A\u010cV MEDIALOG seinen Mitgliedern aber auch Nicht-Mitgliedern (Mitgliedschaft ist nicht erforderlich) bietet. Der Verein besitzt zwei ausgestattete Studios, die immer weiter ausger\u00fcstet werden und wir versuchen sie an die &hellip; <a href=\"http:\/\/videoculture.cz\/de\/acv\/zazemi\/\">Zobrazit <span class=\"meta-nav\">&rarr;<\/span><\/a><\/p>\n","protected":false},"author":1,"featured_media":0,"parent":37,"menu_order":86,"comment_status":"open","ping_status":"closed","template":"","meta":{"ngg_post_thumbnail":0,"footnotes":""},"_links":{"self":[{"href":"http:\/\/videoculture.cz\/de\/wp-json\/wp\/v2\/pages\/102"}],"collection":[{"href":"http:\/\/videoculture.cz\/de\/wp-json\/wp\/v2\/pages"}],"about":[{"href":"http:\/\/videoculture.cz\/de\/wp-json\/wp\/v2\/types\/page"}],"author":[{"embeddable":true,"href":"http:\/\/videoculture.cz\/de\/wp-json\/wp\/v2\/users\/1"}],"replies":[{"embeddable":true,"href":"http:\/\/videoculture.cz\/de\/wp-json\/wp\/v2\/comments?post=102"}],"version-history":[{"count":3,"href":"http:\/\/videoculture.cz\/de\/wp-json\/wp\/v2\/pages\/102\/revisions"}],"predecessor-version":[{"id":6661,"href":"http:\/\/videoculture.cz\/de\/wp-json\/wp\/v2\/pages\/102\/revisions\/6661"}],"up":[{"embeddable":true,"href":"http:\/\/videoculture.cz\/de\/wp-json\/wp\/v2\/pages\/37"}],"wp:attachment":[{"href":"http:\/\/videoculture.cz\/de\/wp-json\/wp\/v2\/media?parent=102"}],"curies":[{"name":"wp","href":"https:\/\/api.w.org\/{rel}","templated":true}]}}